{"id":3556,"date":"2019-05-13T18:19:26","date_gmt":"2019-05-13T21:19:26","guid":{"rendered":"http:\/\/promoalge.com.br\/?post_type=product&#038;p=3556"},"modified":"2021-05-05T17:43:56","modified_gmt":"2021-05-05T20:43:56","slug":"relogio-de-parede-rpar","status":"publish","type":"product","link":"https:\/\/promoalge.com.br\/?product=relogio-de-parede-rpar","title":{"rendered":"Rel\u00f3gio de Parede &#8211; RPAR"},"content":{"rendered":"","protected":false},"excerpt":{"rendered":"<p>Rel\u00f3gio de parede redondo produzido em pl\u00e1stico, medidas 30 cm di\u00e2metro, personaliza\u00e7\u00e3o na parte interna em off set.<\/p>\n","protected":false},"featured_media":3557,"template":"","meta":[],"product_brand":[],"product_cat":[353],"product_tag":[],"class_list":{"0":"post-3556","1":"product","2":"type-product","3":"status-publish","4":"has-post-thumbnail","6":"product_cat-diversos","8":"first","9":"instock","10":"shipping-taxable","11":"product-type-simple"},"_links":{"self":[{"href":"https:\/\/promoalge.com.br\/index.php?rest_route=\/wp\/v2\/product\/3556","targetHints":{"allow":["GET"]}}],"collection":[{"href":"https:\/\/promoalge.com.br\/index.php?rest_route=\/wp\/v2\/product"}],"about":[{"href":"https:\/\/promoalge.com.br\/index.php?rest_route=\/wp\/v2\/types\/product"}],"wp:featuredmedia":[{"embeddable":true,"href":"https:\/\/promoalge.com.br\/index.php?rest_route=\/wp\/v2\/media\/3557"}],"wp:attachment":[{"href":"https:\/\/promoalge.com.br\/index.php?rest_route=%2Fwp%2Fv2%2Fmedia&parent=3556"}],"wp:term":[{"taxonomy":"product_brand","embeddable":true,"href":"https:\/\/promoalge.com.br\/index.php?rest_route=%2Fwp%2Fv2%2Fproduct_brand&post=3556"},{"taxonomy":"product_cat","embeddable":true,"href":"https:\/\/promoalge.com.br\/index.php?rest_route=%2Fwp%2Fv2%2Fproduct_cat&post=3556"},{"taxonomy":"product_tag","embeddable":true,"href":"https:\/\/promoalge.com.br\/index.php?rest_route=%2Fwp%2Fv2%2Fproduct_tag&post=3556"}],"curies":[{"name":"wp","href":"https:\/\/api.w.org\/{rel}","templated":true}]}}