{"id":3569,"date":"2019-05-23T18:42:06","date_gmt":"2019-05-23T21:42:06","guid":{"rendered":"http:\/\/promoalge.com.br\/?post_type=product&#038;p=3569"},"modified":"2020-06-19T13:03:35","modified_gmt":"2020-06-19T16:03:35","slug":"molesquine-12-x-18-cm-pr93727","status":"publish","type":"product","link":"https:\/\/promoalge.com.br\/?product=molesquine-12-x-18-cm-pr93727","title":{"rendered":"Bloco de Anota\u00e7\u00f5es 12 x 18 cm &#8211; PR93727"},"content":{"rendered":"","protected":false},"excerpt":{"rendered":"<p>Molesquine com capa dura,possui 80 folhas n\u00e3o pautadas cor marfim e  bolso na parte interna, com porta caneta, medidas 120 x 180 mm. Grava\u00e7\u00e3o serigrafia em 1 cor.<\/p>\n","protected":false},"featured_media":3573,"template":"","meta":[],"product_brand":[],"product_cat":[409],"product_tag":[],"class_list":{"0":"post-3569","1":"product","2":"type-product","3":"status-publish","4":"has-post-thumbnail","6":"product_cat-escritorio","8":"first","9":"instock","10":"shipping-taxable","11":"product-type-simple"},"_links":{"self":[{"href":"https:\/\/promoalge.com.br\/index.php?rest_route=\/wp\/v2\/product\/3569","targetHints":{"allow":["GET"]}}],"collection":[{"href":"https:\/\/promoalge.com.br\/index.php?rest_route=\/wp\/v2\/product"}],"about":[{"href":"https:\/\/promoalge.com.br\/index.php?rest_route=\/wp\/v2\/types\/product"}],"wp:featuredmedia":[{"embeddable":true,"href":"https:\/\/promoalge.com.br\/index.php?rest_route=\/wp\/v2\/media\/3573"}],"wp:attachment":[{"href":"https:\/\/promoalge.com.br\/index.php?rest_route=%2Fwp%2Fv2%2Fmedia&parent=3569"}],"wp:term":[{"taxonomy":"product_brand","embeddable":true,"href":"https:\/\/promoalge.com.br\/index.php?rest_route=%2Fwp%2Fv2%2Fproduct_brand&post=3569"},{"taxonomy":"product_cat","embeddable":true,"href":"https:\/\/promoalge.com.br\/index.php?rest_route=%2Fwp%2Fv2%2Fproduct_cat&post=3569"},{"taxonomy":"product_tag","embeddable":true,"href":"https:\/\/promoalge.com.br\/index.php?rest_route=%2Fwp%2Fv2%2Fproduct_tag&post=3569"}],"curies":[{"name":"wp","href":"https:\/\/api.w.org\/{rel}","templated":true}]}}