{"id":3604,"date":"2019-05-30T18:24:19","date_gmt":"2019-05-30T21:24:19","guid":{"rendered":"http:\/\/promoalge.com.br\/?post_type=product&#038;p=3604"},"modified":"2019-05-30T18:24:20","modified_gmt":"2019-05-30T21:24:20","slug":"jogo-de-copos-de-vidro-vi00324","status":"publish","type":"product","link":"https:\/\/promoalge.com.br\/?product=jogo-de-copos-de-vidro-vi00324","title":{"rendered":"Jogo de Copos de Vidro &#8211; VI00324"},"content":{"rendered":"","protected":false},"excerpt":{"rendered":"<p>Jogo com 4 Copos de Vidro para Cerveja\/Drinks. Capacidade: 400ml cada, incluso caixa com ber\u00e7o para acomodar os copos. Grava\u00e7\u00e3o a laser na caixa em 1 cor, e laser nos copos.<\/p>\n","protected":false},"featured_media":3606,"template":"","meta":[],"product_brand":[],"product_cat":[407,418],"product_tag":[],"class_list":{"0":"post-3604","1":"product","2":"type-product","3":"status-publish","4":"has-post-thumbnail","6":"product_cat-conjuntos","7":"product_cat-porcelana-e-vidros","9":"first","10":"instock","11":"shipping-taxable","12":"product-type-simple"},"_links":{"self":[{"href":"https:\/\/promoalge.com.br\/index.php?rest_route=\/wp\/v2\/product\/3604","targetHints":{"allow":["GET"]}}],"collection":[{"href":"https:\/\/promoalge.com.br\/index.php?rest_route=\/wp\/v2\/product"}],"about":[{"href":"https:\/\/promoalge.com.br\/index.php?rest_route=\/wp\/v2\/types\/product"}],"wp:featuredmedia":[{"embeddable":true,"href":"https:\/\/promoalge.com.br\/index.php?rest_route=\/wp\/v2\/media\/3606"}],"wp:attachment":[{"href":"https:\/\/promoalge.com.br\/index.php?rest_route=%2Fwp%2Fv2%2Fmedia&parent=3604"}],"wp:term":[{"taxonomy":"product_brand","embeddable":true,"href":"https:\/\/promoalge.com.br\/index.php?rest_route=%2Fwp%2Fv2%2Fproduct_brand&post=3604"},{"taxonomy":"product_cat","embeddable":true,"href":"https:\/\/promoalge.com.br\/index.php?rest_route=%2Fwp%2Fv2%2Fproduct_cat&post=3604"},{"taxonomy":"product_tag","embeddable":true,"href":"https:\/\/promoalge.com.br\/index.php?rest_route=%2Fwp%2Fv2%2Fproduct_tag&post=3604"}],"curies":[{"name":"wp","href":"https:\/\/api.w.org\/{rel}","templated":true}]}}