{"id":3638,"date":"2019-06-07T19:08:07","date_gmt":"2019-06-07T22:08:07","guid":{"rendered":"http:\/\/promoalge.com.br\/?post_type=product&#038;p=3638"},"modified":"2021-05-24T18:44:33","modified_gmt":"2021-05-24T21:44:33","slug":"bloco-de-anotacoes-com-post-it-pr18515-2","status":"publish","type":"product","link":"https:\/\/promoalge.com.br\/?product=bloco-de-anotacoes-com-post-it-pr18515-2","title":{"rendered":"Bloco de Anota\u00e7\u00f5es com Post-it &#8211; PR18515"},"content":{"rendered":"","protected":false},"excerpt":{"rendered":"<p>Bloco de anota\u00e7\u00f5es ecol\u00f3gico com post-it e suporte para caneta. Bloco de capa colorida com abertura lateral imantada, primeira folha com cinco blocos autocolantes coloridos com aproximadamente 25 folhas e aproximadamente 68 folhas brancas pautadas. Ultima p\u00e1gina kraft conta com suporte para caneta em nylon(n\u00e3o acompanha caneta), medidas 16,3 cm x 13,5 cm. Grava\u00e7\u00e3o serigrafia em 1 cor.<\/p>\n","protected":false},"featured_media":3639,"template":"","meta":[],"product_brand":[],"product_cat":[409,321],"product_tag":[],"class_list":{"0":"post-3638","1":"product","2":"type-product","3":"status-publish","4":"has-post-thumbnail","6":"product_cat-escritorio","7":"product_cat-linha-ecologica","9":"first","10":"instock","11":"shipping-taxable","12":"product-type-simple"},"_links":{"self":[{"href":"https:\/\/promoalge.com.br\/index.php?rest_route=\/wp\/v2\/product\/3638","targetHints":{"allow":["GET"]}}],"collection":[{"href":"https:\/\/promoalge.com.br\/index.php?rest_route=\/wp\/v2\/product"}],"about":[{"href":"https:\/\/promoalge.com.br\/index.php?rest_route=\/wp\/v2\/types\/product"}],"wp:featuredmedia":[{"embeddable":true,"href":"https:\/\/promoalge.com.br\/index.php?rest_route=\/wp\/v2\/media\/3639"}],"wp:attachment":[{"href":"https:\/\/promoalge.com.br\/index.php?rest_route=%2Fwp%2Fv2%2Fmedia&parent=3638"}],"wp:term":[{"taxonomy":"product_brand","embeddable":true,"href":"https:\/\/promoalge.com.br\/index.php?rest_route=%2Fwp%2Fv2%2Fproduct_brand&post=3638"},{"taxonomy":"product_cat","embeddable":true,"href":"https:\/\/promoalge.com.br\/index.php?rest_route=%2Fwp%2Fv2%2Fproduct_cat&post=3638"},{"taxonomy":"product_tag","embeddable":true,"href":"https:\/\/promoalge.com.br\/index.php?rest_route=%2Fwp%2Fv2%2Fproduct_tag&post=3638"}],"curies":[{"name":"wp","href":"https:\/\/api.w.org\/{rel}","templated":true}]}}