{"id":364,"date":"2018-06-14T17:13:30","date_gmt":"2018-06-14T20:13:30","guid":{"rendered":"http:\/\/promoalge.com.br\/?product=import-placeholder-for-4005"},"modified":"2018-06-14T17:16:25","modified_gmt":"2018-06-14T20:16:25","slug":"copo-mega-drink-550-ml-metalizado-prcmgdmt","status":"publish","type":"product","link":"https:\/\/promoalge.com.br\/?product=copo-mega-drink-550-ml-metalizado-prcmgdmt","title":{"rendered":"Copo Mega Drink 550 Ml Metalizado \u2013 PRCMGDMT"},"content":{"rendered":"<p>Copo modelo Mega Drink com pintura metalizada capacidade 550 ml, transparente ou colorido, Medidas: 9,2 cm de di\u00e2metro (boca), 6,2 cm de di\u00e2metro (base) e 15 cm de altura.. Grava\u00e7\u00e3o serigrafia.<\/p>\n","protected":false},"excerpt":{"rendered":"<p>Copo modelo Mega Drink com pintura metalizada capacidade 550 ml, transparente ou colorido, Medidas: 9,2 cm de di\u00e2metro (boca), 6,2 cm de di\u00e2metro (base) e 15 cm de altura.. Grava\u00e7\u00e3o serigrafia.<\/p>\n","protected":false},"featured_media":439,"template":"","meta":[],"product_brand":[],"product_cat":[251],"product_tag":[],"class_list":{"0":"post-364","1":"product","2":"type-product","3":"status-publish","4":"has-post-thumbnail","6":"product_cat-plastica-canecas-copos-garrafas","8":"first","9":"instock","10":"shipping-taxable","11":"product-type-simple"},"_links":{"self":[{"href":"https:\/\/promoalge.com.br\/index.php?rest_route=\/wp\/v2\/product\/364","targetHints":{"allow":["GET"]}}],"collection":[{"href":"https:\/\/promoalge.com.br\/index.php?rest_route=\/wp\/v2\/product"}],"about":[{"href":"https:\/\/promoalge.com.br\/index.php?rest_route=\/wp\/v2\/types\/product"}],"wp:featuredmedia":[{"embeddable":true,"href":"https:\/\/promoalge.com.br\/index.php?rest_route=\/wp\/v2\/media\/439"}],"wp:attachment":[{"href":"https:\/\/promoalge.com.br\/index.php?rest_route=%2Fwp%2Fv2%2Fmedia&parent=364"}],"wp:term":[{"taxonomy":"product_brand","embeddable":true,"href":"https:\/\/promoalge.com.br\/index.php?rest_route=%2Fwp%2Fv2%2Fproduct_brand&post=364"},{"taxonomy":"product_cat","embeddable":true,"href":"https:\/\/promoalge.com.br\/index.php?rest_route=%2Fwp%2Fv2%2Fproduct_cat&post=364"},{"taxonomy":"product_tag","embeddable":true,"href":"https:\/\/promoalge.com.br\/index.php?rest_route=%2Fwp%2Fv2%2Fproduct_tag&post=364"}],"curies":[{"name":"wp","href":"https:\/\/api.w.org\/{rel}","templated":true}]}}