{"id":366,"date":"2018-06-14T17:13:31","date_gmt":"2018-06-14T20:13:31","guid":{"rendered":"http:\/\/promoalge.com.br\/?product=import-placeholder-for-4013"},"modified":"2018-06-14T17:16:44","modified_gmt":"2018-06-14T20:16:44","slug":"caneca-de-chopp-450-ml-canchp","status":"publish","type":"product","link":"https:\/\/promoalge.com.br\/?product=caneca-de-chopp-450-ml-canchp","title":{"rendered":"Caneca de Chopp 450 ml &#8211; CANCHP"},"content":{"rendered":"<p>&nbsp;<\/p>\n<p>Caneca de chopp de acr\u00edlico translucido colorido, ou branco e colorido opaco, capacidade 450 ml, Medidas: 7,8 cm de di\u00e2metro (boca), 10,5 cm de largura (al\u00e7a) e 12,5 cm.\u00a0Grava\u00e7\u00e3o serigrafia.<\/p>\n","protected":false},"excerpt":{"rendered":"<p>Caneca de chopp de acr\u00edlico translucido colorido, ou branco e colorido opaco, capacidade 450 ml, Medidas: 7,8 cm de di\u00e2metro (boca), 10,5 cm de largura (al\u00e7a) e 12,5 cm.\u00a0Grava\u00e7\u00e3o serigrafia.<\/p>\n","protected":false},"featured_media":443,"template":"","meta":[],"product_brand":[],"product_cat":[251],"product_tag":[],"class_list":{"0":"post-366","1":"product","2":"type-product","3":"status-publish","4":"has-post-thumbnail","6":"product_cat-plastica-canecas-copos-garrafas","8":"first","9":"instock","10":"shipping-taxable","11":"product-type-simple"},"_links":{"self":[{"href":"https:\/\/promoalge.com.br\/index.php?rest_route=\/wp\/v2\/product\/366","targetHints":{"allow":["GET"]}}],"collection":[{"href":"https:\/\/promoalge.com.br\/index.php?rest_route=\/wp\/v2\/product"}],"about":[{"href":"https:\/\/promoalge.com.br\/index.php?rest_route=\/wp\/v2\/types\/product"}],"wp:featuredmedia":[{"embeddable":true,"href":"https:\/\/promoalge.com.br\/index.php?rest_route=\/wp\/v2\/media\/443"}],"wp:attachment":[{"href":"https:\/\/promoalge.com.br\/index.php?rest_route=%2Fwp%2Fv2%2Fmedia&parent=366"}],"wp:term":[{"taxonomy":"product_brand","embeddable":true,"href":"https:\/\/promoalge.com.br\/index.php?rest_route=%2Fwp%2Fv2%2Fproduct_brand&post=366"},{"taxonomy":"product_cat","embeddable":true,"href":"https:\/\/promoalge.com.br\/index.php?rest_route=%2Fwp%2Fv2%2Fproduct_cat&post=366"},{"taxonomy":"product_tag","embeddable":true,"href":"https:\/\/promoalge.com.br\/index.php?rest_route=%2Fwp%2Fv2%2Fproduct_tag&post=366"}],"curies":[{"name":"wp","href":"https:\/\/api.w.org\/{rel}","templated":true}]}}