{"id":3670,"date":"2019-06-10T18:59:20","date_gmt":"2019-06-10T21:59:20","guid":{"rendered":"http:\/\/promoalge.com.br\/?post_type=product&#038;p=3670"},"modified":"2019-06-10T19:04:44","modified_gmt":"2019-06-10T22:04:44","slug":"kit-caneta-roller-esferografica-pr91844","status":"publish","type":"product","link":"https:\/\/promoalge.com.br\/?product=kit-caneta-roller-esferografica-pr91844","title":{"rendered":"Kit Caneta Roller &#038; Esferogr\u00e1fica &#8211; PR91844"},"content":{"rendered":"","protected":false},"excerpt":{"rendered":"<p>Conjunto de canetas roller e esferogr\u00e1fica em metal, com ponteira touch.  Caneta Esferogr\u00e1fica: 1,5km de escrita. Incluso estojo com ber\u00e7o para canetas nas medidas: 175 x 55 x 25 mm. Grava\u00e7\u00e3o a laser nas canetas.<\/p>\n","protected":false},"featured_media":3671,"template":"","meta":[],"product_brand":[],"product_cat":[407],"product_tag":[],"class_list":{"0":"post-3670","1":"product","2":"type-product","3":"status-publish","4":"has-post-thumbnail","6":"product_cat-conjuntos","8":"first","9":"instock","10":"shipping-taxable","11":"product-type-simple"},"_links":{"self":[{"href":"https:\/\/promoalge.com.br\/index.php?rest_route=\/wp\/v2\/product\/3670","targetHints":{"allow":["GET"]}}],"collection":[{"href":"https:\/\/promoalge.com.br\/index.php?rest_route=\/wp\/v2\/product"}],"about":[{"href":"https:\/\/promoalge.com.br\/index.php?rest_route=\/wp\/v2\/types\/product"}],"wp:featuredmedia":[{"embeddable":true,"href":"https:\/\/promoalge.com.br\/index.php?rest_route=\/wp\/v2\/media\/3671"}],"wp:attachment":[{"href":"https:\/\/promoalge.com.br\/index.php?rest_route=%2Fwp%2Fv2%2Fmedia&parent=3670"}],"wp:term":[{"taxonomy":"product_brand","embeddable":true,"href":"https:\/\/promoalge.com.br\/index.php?rest_route=%2Fwp%2Fv2%2Fproduct_brand&post=3670"},{"taxonomy":"product_cat","embeddable":true,"href":"https:\/\/promoalge.com.br\/index.php?rest_route=%2Fwp%2Fv2%2Fproduct_cat&post=3670"},{"taxonomy":"product_tag","embeddable":true,"href":"https:\/\/promoalge.com.br\/index.php?rest_route=%2Fwp%2Fv2%2Fproduct_tag&post=3670"}],"curies":[{"name":"wp","href":"https:\/\/api.w.org\/{rel}","templated":true}]}}