{"id":3680,"date":"2019-06-10T19:16:22","date_gmt":"2019-06-10T22:16:22","guid":{"rendered":"http:\/\/promoalge.com.br\/?post_type=product&#038;p=3680"},"modified":"2019-06-10T19:16:22","modified_gmt":"2019-06-10T22:16:22","slug":"caneta-laser-point-pr91821","status":"publish","type":"product","link":"https:\/\/promoalge.com.br\/?product=caneta-laser-point-pr91821","title":{"rendered":"Caneta Laser Point &#8211; PR91821"},"content":{"rendered":"","protected":false},"excerpt":{"rendered":"<p>Caneta esferogr\u00e1fica com corpo met\u00e1lico, com ponteira laser e LED, possui 1,5km de escrita. Incluso 3 pilhas LR41, incluso estojo para caneta. Grava\u00e7\u00e3o a laser na caneta.<\/p>\n","protected":false},"featured_media":3681,"template":"","meta":[],"product_brand":[],"product_cat":[346,417],"product_tag":[],"class_list":{"0":"post-3680","1":"product","2":"type-product","3":"status-publish","4":"has-post-thumbnail","6":"product_cat-canetas-metalicas","7":"product_cat-pendrive-tecnologia","9":"first","10":"instock","11":"shipping-taxable","12":"product-type-simple"},"_links":{"self":[{"href":"https:\/\/promoalge.com.br\/index.php?rest_route=\/wp\/v2\/product\/3680","targetHints":{"allow":["GET"]}}],"collection":[{"href":"https:\/\/promoalge.com.br\/index.php?rest_route=\/wp\/v2\/product"}],"about":[{"href":"https:\/\/promoalge.com.br\/index.php?rest_route=\/wp\/v2\/types\/product"}],"wp:featuredmedia":[{"embeddable":true,"href":"https:\/\/promoalge.com.br\/index.php?rest_route=\/wp\/v2\/media\/3681"}],"wp:attachment":[{"href":"https:\/\/promoalge.com.br\/index.php?rest_route=%2Fwp%2Fv2%2Fmedia&parent=3680"}],"wp:term":[{"taxonomy":"product_brand","embeddable":true,"href":"https:\/\/promoalge.com.br\/index.php?rest_route=%2Fwp%2Fv2%2Fproduct_brand&post=3680"},{"taxonomy":"product_cat","embeddable":true,"href":"https:\/\/promoalge.com.br\/index.php?rest_route=%2Fwp%2Fv2%2Fproduct_cat&post=3680"},{"taxonomy":"product_tag","embeddable":true,"href":"https:\/\/promoalge.com.br\/index.php?rest_route=%2Fwp%2Fv2%2Fproduct_tag&post=3680"}],"curies":[{"name":"wp","href":"https:\/\/api.w.org\/{rel}","templated":true}]}}