{"id":3721,"date":"2019-06-11T16:33:51","date_gmt":"2019-06-11T19:33:51","guid":{"rendered":"http:\/\/promoalge.com.br\/?post_type=product&#038;p=3721"},"modified":"2019-06-11T16:33:52","modified_gmt":"2019-06-11T19:33:52","slug":"caneta-metalica-touch-pr91624","status":"publish","type":"product","link":"https:\/\/promoalge.com.br\/?product=caneta-metalica-touch-pr91624","title":{"rendered":"Caneta Met\u00e1lica Touch &#8211; PR91624"},"content":{"rendered":"","protected":false},"excerpt":{"rendered":"<p> Caneta Esferogr\u00e1fica com corpo met\u00e1lico e ponteira touch, medidas \u00f88 x 135 mm. Grava\u00e7\u00e3o a laser.<\/p>\n","protected":false},"featured_media":3722,"template":"","meta":[],"product_brand":[],"product_cat":[346],"product_tag":[],"class_list":{"0":"post-3721","1":"product","2":"type-product","3":"status-publish","4":"has-post-thumbnail","6":"product_cat-canetas-metalicas","8":"first","9":"instock","10":"shipping-taxable","11":"product-type-simple"},"_links":{"self":[{"href":"https:\/\/promoalge.com.br\/index.php?rest_route=\/wp\/v2\/product\/3721","targetHints":{"allow":["GET"]}}],"collection":[{"href":"https:\/\/promoalge.com.br\/index.php?rest_route=\/wp\/v2\/product"}],"about":[{"href":"https:\/\/promoalge.com.br\/index.php?rest_route=\/wp\/v2\/types\/product"}],"wp:featuredmedia":[{"embeddable":true,"href":"https:\/\/promoalge.com.br\/index.php?rest_route=\/wp\/v2\/media\/3722"}],"wp:attachment":[{"href":"https:\/\/promoalge.com.br\/index.php?rest_route=%2Fwp%2Fv2%2Fmedia&parent=3721"}],"wp:term":[{"taxonomy":"product_brand","embeddable":true,"href":"https:\/\/promoalge.com.br\/index.php?rest_route=%2Fwp%2Fv2%2Fproduct_brand&post=3721"},{"taxonomy":"product_cat","embeddable":true,"href":"https:\/\/promoalge.com.br\/index.php?rest_route=%2Fwp%2Fv2%2Fproduct_cat&post=3721"},{"taxonomy":"product_tag","embeddable":true,"href":"https:\/\/promoalge.com.br\/index.php?rest_route=%2Fwp%2Fv2%2Fproduct_tag&post=3721"}],"curies":[{"name":"wp","href":"https:\/\/api.w.org\/{rel}","templated":true}]}}