{"id":3731,"date":"2019-06-11T17:24:36","date_gmt":"2019-06-11T20:24:36","guid":{"rendered":"http:\/\/promoalge.com.br\/?post_type=product&#038;p=3731"},"modified":"2019-06-11T17:24:37","modified_gmt":"2019-06-11T20:24:37","slug":"sacola-em-tnt-pr92905","status":"publish","type":"product","link":"https:\/\/promoalge.com.br\/?product=sacola-em-tnt-pr92905","title":{"rendered":"Sacola em TNT &#8211; PR92905"},"content":{"rendered":"","protected":false},"excerpt":{"rendered":"<p>Sacola produzida em TNT Non-woven gramatura 80 g\/m\u00b2 com acabamento termo-selado., possui al\u00e7as de 55 cm. 480 x 380 x 85 mm. Grava\u00e7\u00e3o serigrafia em 1 cor.<\/p>\n","protected":false},"featured_media":3735,"template":"","meta":[],"product_brand":[],"product_cat":[79,410],"product_tag":[],"class_list":{"0":"post-3731","1":"product","2":"type-product","3":"status-publish","4":"has-post-thumbnail","6":"product_cat-bolsas-mochilas","7":"product_cat-eventos-pastas-pvc","9":"first","10":"instock","11":"shipping-taxable","12":"product-type-simple"},"_links":{"self":[{"href":"https:\/\/promoalge.com.br\/index.php?rest_route=\/wp\/v2\/product\/3731","targetHints":{"allow":["GET"]}}],"collection":[{"href":"https:\/\/promoalge.com.br\/index.php?rest_route=\/wp\/v2\/product"}],"about":[{"href":"https:\/\/promoalge.com.br\/index.php?rest_route=\/wp\/v2\/types\/product"}],"wp:featuredmedia":[{"embeddable":true,"href":"https:\/\/promoalge.com.br\/index.php?rest_route=\/wp\/v2\/media\/3735"}],"wp:attachment":[{"href":"https:\/\/promoalge.com.br\/index.php?rest_route=%2Fwp%2Fv2%2Fmedia&parent=3731"}],"wp:term":[{"taxonomy":"product_brand","embeddable":true,"href":"https:\/\/promoalge.com.br\/index.php?rest_route=%2Fwp%2Fv2%2Fproduct_brand&post=3731"},{"taxonomy":"product_cat","embeddable":true,"href":"https:\/\/promoalge.com.br\/index.php?rest_route=%2Fwp%2Fv2%2Fproduct_cat&post=3731"},{"taxonomy":"product_tag","embeddable":true,"href":"https:\/\/promoalge.com.br\/index.php?rest_route=%2Fwp%2Fv2%2Fproduct_tag&post=3731"}],"curies":[{"name":"wp","href":"https:\/\/api.w.org\/{rel}","templated":true}]}}