{"id":374,"date":"2018-06-14T17:13:52","date_gmt":"2018-06-14T20:13:52","guid":{"rendered":"http:\/\/promoalge.com.br\/?product=import-placeholder-for-4019"},"modified":"2018-06-14T17:17:16","modified_gmt":"2018-06-14T20:17:16","slug":"caneca-cristal-400-ml-cancrst","status":"publish","type":"product","link":"https:\/\/promoalge.com.br\/?product=caneca-cristal-400-ml-cancrst","title":{"rendered":"Caneca Cristal 400 ml &#8211; CANCRST"},"content":{"rendered":"<p>Caneca em acr\u00edlico cristal transparente ou colorido, capacidade 400 ml. Grava\u00e7\u00e3o serigrafia.<\/p>\n","protected":false},"excerpt":{"rendered":"<p>Caneca em acr\u00edlico cristal transparente ou colorido, capacidade 400 ml. Grava\u00e7\u00e3o serigrafia.<\/p>\n","protected":false},"featured_media":458,"template":"","meta":[],"product_brand":[],"product_cat":[251],"product_tag":[],"class_list":{"0":"post-374","1":"product","2":"type-product","3":"status-publish","4":"has-post-thumbnail","6":"product_cat-plastica-canecas-copos-garrafas","8":"first","9":"instock","10":"shipping-taxable","11":"product-type-simple"},"_links":{"self":[{"href":"https:\/\/promoalge.com.br\/index.php?rest_route=\/wp\/v2\/product\/374","targetHints":{"allow":["GET"]}}],"collection":[{"href":"https:\/\/promoalge.com.br\/index.php?rest_route=\/wp\/v2\/product"}],"about":[{"href":"https:\/\/promoalge.com.br\/index.php?rest_route=\/wp\/v2\/types\/product"}],"wp:featuredmedia":[{"embeddable":true,"href":"https:\/\/promoalge.com.br\/index.php?rest_route=\/wp\/v2\/media\/458"}],"wp:attachment":[{"href":"https:\/\/promoalge.com.br\/index.php?rest_route=%2Fwp%2Fv2%2Fmedia&parent=374"}],"wp:term":[{"taxonomy":"product_brand","embeddable":true,"href":"https:\/\/promoalge.com.br\/index.php?rest_route=%2Fwp%2Fv2%2Fproduct_brand&post=374"},{"taxonomy":"product_cat","embeddable":true,"href":"https:\/\/promoalge.com.br\/index.php?rest_route=%2Fwp%2Fv2%2Fproduct_cat&post=374"},{"taxonomy":"product_tag","embeddable":true,"href":"https:\/\/promoalge.com.br\/index.php?rest_route=%2Fwp%2Fv2%2Fproduct_tag&post=374"}],"curies":[{"name":"wp","href":"https:\/\/api.w.org\/{rel}","templated":true}]}}