{"id":3748,"date":"2019-06-13T18:17:54","date_gmt":"2019-06-13T21:17:54","guid":{"rendered":"http:\/\/promoalge.com.br\/?post_type=product&#038;p=3748"},"modified":"2022-02-15T21:07:51","modified_gmt":"2022-02-16T00:07:51","slug":"garrafa-em-inox-450-ml-pr3275","status":"publish","type":"product","link":"https:\/\/promoalge.com.br\/?product=garrafa-em-inox-450-ml-pr3275","title":{"rendered":"Garrafa T\u00e9rmica em Inox 450 ml &#8211; PR3275"},"content":{"rendered":"","protected":false},"excerpt":{"rendered":"<p>Garrafa met\u00e1lica capacidade 450 ml com sistema de trava. Material met\u00e1lico com revestimento interno em inox, possui tampa pl\u00e1stica fosca com borracha interna para veda\u00e7\u00e3o evitando o vazamento de l\u00edquido e prezando sua temperatura; possui bot\u00e3o central para abertura e trava lateral(basta seguir a orienta\u00e7\u00e3o dos desenhos de cadeados simulando o travamento\/destravamento da tampa). Grava\u00e7\u00e3o a laser.<\/p>\n<p>&nbsp;<\/p>\n<p>*M\u00ednimo 50 unidades.<\/p>\n","protected":false},"featured_media":7623,"template":"","meta":[],"product_brand":[],"product_cat":[237],"product_tag":[],"class_list":{"0":"post-3748","1":"product","2":"type-product","3":"status-publish","4":"has-post-thumbnail","6":"product_cat-metalicas","8":"first","9":"instock","10":"shipping-taxable","11":"product-type-simple"},"_links":{"self":[{"href":"https:\/\/promoalge.com.br\/index.php?rest_route=\/wp\/v2\/product\/3748","targetHints":{"allow":["GET"]}}],"collection":[{"href":"https:\/\/promoalge.com.br\/index.php?rest_route=\/wp\/v2\/product"}],"about":[{"href":"https:\/\/promoalge.com.br\/index.php?rest_route=\/wp\/v2\/types\/product"}],"wp:featuredmedia":[{"embeddable":true,"href":"https:\/\/promoalge.com.br\/index.php?rest_route=\/wp\/v2\/media\/7623"}],"wp:attachment":[{"href":"https:\/\/promoalge.com.br\/index.php?rest_route=%2Fwp%2Fv2%2Fmedia&parent=3748"}],"wp:term":[{"taxonomy":"product_brand","embeddable":true,"href":"https:\/\/promoalge.com.br\/index.php?rest_route=%2Fwp%2Fv2%2Fproduct_brand&post=3748"},{"taxonomy":"product_cat","embeddable":true,"href":"https:\/\/promoalge.com.br\/index.php?rest_route=%2Fwp%2Fv2%2Fproduct_cat&post=3748"},{"taxonomy":"product_tag","embeddable":true,"href":"https:\/\/promoalge.com.br\/index.php?rest_route=%2Fwp%2Fv2%2Fproduct_tag&post=3748"}],"curies":[{"name":"wp","href":"https:\/\/api.w.org\/{rel}","templated":true}]}}