{"id":377,"date":"2018-06-14T17:13:54","date_gmt":"2018-06-14T20:13:54","guid":{"rendered":"http:\/\/promoalge.com.br\/?product=import-placeholder-for-4047"},"modified":"2018-06-14T17:17:56","modified_gmt":"2018-06-14T20:17:56","slug":"caneca-redonda-400-ml-canrd","status":"publish","type":"product","link":"https:\/\/promoalge.com.br\/?product=caneca-redonda-400-ml-canrd","title":{"rendered":"Caneca Redonda 400 Ml &#8211; CANRD"},"content":{"rendered":"<p>Caneca redonda com capacidade para 400 ml, feita em pl\u00e1stico at\u00f3xico altamente resistente. Pode ser levada ao micro-ondas e \u00e0 m\u00e1quina de lavar.\u00a0Grava\u00e7\u00e3o serigrafia.<\/p>\n","protected":false},"excerpt":{"rendered":"<p>Caneca redonda com capacidade para 400 ml, feita em pl\u00e1stico at\u00f3xico altamente resistente. Pode ser levada ao micro-ondas e \u00e0 m\u00e1quina de lavar.\u00a0Grava\u00e7\u00e3o serigrafia.<\/p>\n","protected":false},"featured_media":466,"template":"","meta":[],"product_brand":[],"product_cat":[251],"product_tag":[],"class_list":{"0":"post-377","1":"product","2":"type-product","3":"status-publish","4":"has-post-thumbnail","6":"product_cat-plastica-canecas-copos-garrafas","8":"first","9":"instock","10":"shipping-taxable","11":"product-type-simple"},"_links":{"self":[{"href":"https:\/\/promoalge.com.br\/index.php?rest_route=\/wp\/v2\/product\/377","targetHints":{"allow":["GET"]}}],"collection":[{"href":"https:\/\/promoalge.com.br\/index.php?rest_route=\/wp\/v2\/product"}],"about":[{"href":"https:\/\/promoalge.com.br\/index.php?rest_route=\/wp\/v2\/types\/product"}],"wp:featuredmedia":[{"embeddable":true,"href":"https:\/\/promoalge.com.br\/index.php?rest_route=\/wp\/v2\/media\/466"}],"wp:attachment":[{"href":"https:\/\/promoalge.com.br\/index.php?rest_route=%2Fwp%2Fv2%2Fmedia&parent=377"}],"wp:term":[{"taxonomy":"product_brand","embeddable":true,"href":"https:\/\/promoalge.com.br\/index.php?rest_route=%2Fwp%2Fv2%2Fproduct_brand&post=377"},{"taxonomy":"product_cat","embeddable":true,"href":"https:\/\/promoalge.com.br\/index.php?rest_route=%2Fwp%2Fv2%2Fproduct_cat&post=377"},{"taxonomy":"product_tag","embeddable":true,"href":"https:\/\/promoalge.com.br\/index.php?rest_route=%2Fwp%2Fv2%2Fproduct_tag&post=377"}],"curies":[{"name":"wp","href":"https:\/\/api.w.org\/{rel}","templated":true}]}}