{"id":3787,"date":"2019-06-27T12:01:46","date_gmt":"2019-06-27T15:01:46","guid":{"rendered":"http:\/\/promoalge.com.br\/?post_type=product&#038;p=3787"},"modified":"2019-06-27T12:01:47","modified_gmt":"2019-06-27T15:01:47","slug":"carrinho-mesa-multiuso-car0649","status":"publish","type":"product","link":"https:\/\/promoalge.com.br\/?product=carrinho-mesa-multiuso-car0649","title":{"rendered":"Carrinho Mesa Multiuso &#8211; CAR0649"},"content":{"rendered":"","protected":false},"excerpt":{"rendered":"<p>Carrinho mesa multiuso, produzido em alum\u00ednio, medidas 49,0 x 19,8 x 105,7 (cm). Quando deitado, o carrinho se transforma em uma mesa com porta copos. Acompanha ainda, bolsa com z\u00edper. Personaliza\u00e7\u00e3o serigrafia em 1 cor na bolsa com z\u00edper.<\/p>\n","protected":false},"featured_media":3788,"template":"","meta":[],"product_brand":[],"product_cat":[414],"product_tag":[],"class_list":{"0":"post-3787","1":"product","2":"type-product","3":"status-publish","4":"has-post-thumbnail","6":"product_cat-praia-verao","8":"first","9":"instock","10":"shipping-taxable","11":"product-type-simple"},"_links":{"self":[{"href":"https:\/\/promoalge.com.br\/index.php?rest_route=\/wp\/v2\/product\/3787","targetHints":{"allow":["GET"]}}],"collection":[{"href":"https:\/\/promoalge.com.br\/index.php?rest_route=\/wp\/v2\/product"}],"about":[{"href":"https:\/\/promoalge.com.br\/index.php?rest_route=\/wp\/v2\/types\/product"}],"wp:featuredmedia":[{"embeddable":true,"href":"https:\/\/promoalge.com.br\/index.php?rest_route=\/wp\/v2\/media\/3788"}],"wp:attachment":[{"href":"https:\/\/promoalge.com.br\/index.php?rest_route=%2Fwp%2Fv2%2Fmedia&parent=3787"}],"wp:term":[{"taxonomy":"product_brand","embeddable":true,"href":"https:\/\/promoalge.com.br\/index.php?rest_route=%2Fwp%2Fv2%2Fproduct_brand&post=3787"},{"taxonomy":"product_cat","embeddable":true,"href":"https:\/\/promoalge.com.br\/index.php?rest_route=%2Fwp%2Fv2%2Fproduct_cat&post=3787"},{"taxonomy":"product_tag","embeddable":true,"href":"https:\/\/promoalge.com.br\/index.php?rest_route=%2Fwp%2Fv2%2Fproduct_tag&post=3787"}],"curies":[{"name":"wp","href":"https:\/\/api.w.org\/{rel}","templated":true}]}}