{"id":3796,"date":"2019-07-01T16:05:48","date_gmt":"2019-07-01T19:05:48","guid":{"rendered":"http:\/\/promoalge.com.br\/?post_type=product&#038;p=3796"},"modified":"2019-07-01T16:05:48","modified_gmt":"2019-07-01T19:05:48","slug":"vasilhame-para-refeicao-pr93857","status":"publish","type":"product","link":"https:\/\/promoalge.com.br\/?product=vasilhame-para-refeicao-pr93857","title":{"rendered":"Vasilhame para Refei\u00e7\u00e3o &#8211; PR93857"},"content":{"rendered":"","protected":false},"excerpt":{"rendered":"<p>Vasilhame para mantimentos\/ marmita\/refei\u00e7\u00e3o produzido em pl\u00e1stico PP, possui 3 compartimentos, garfo e faca. Capacidades: 250 ml, 270 ml e 470 ml. Apta para microondas (retirar a tampa), medidas 235 x 195 x 60 mm. Grava\u00e7\u00e3o serigrafia em 1 cor.<\/p>\n","protected":false},"featured_media":3804,"template":"","meta":[],"product_brand":[],"product_cat":[353],"product_tag":[],"class_list":{"0":"post-3796","1":"product","2":"type-product","3":"status-publish","4":"has-post-thumbnail","6":"product_cat-diversos","8":"first","9":"instock","10":"shipping-taxable","11":"product-type-simple"},"_links":{"self":[{"href":"https:\/\/promoalge.com.br\/index.php?rest_route=\/wp\/v2\/product\/3796","targetHints":{"allow":["GET"]}}],"collection":[{"href":"https:\/\/promoalge.com.br\/index.php?rest_route=\/wp\/v2\/product"}],"about":[{"href":"https:\/\/promoalge.com.br\/index.php?rest_route=\/wp\/v2\/types\/product"}],"wp:featuredmedia":[{"embeddable":true,"href":"https:\/\/promoalge.com.br\/index.php?rest_route=\/wp\/v2\/media\/3804"}],"wp:attachment":[{"href":"https:\/\/promoalge.com.br\/index.php?rest_route=%2Fwp%2Fv2%2Fmedia&parent=3796"}],"wp:term":[{"taxonomy":"product_brand","embeddable":true,"href":"https:\/\/promoalge.com.br\/index.php?rest_route=%2Fwp%2Fv2%2Fproduct_brand&post=3796"},{"taxonomy":"product_cat","embeddable":true,"href":"https:\/\/promoalge.com.br\/index.php?rest_route=%2Fwp%2Fv2%2Fproduct_cat&post=3796"},{"taxonomy":"product_tag","embeddable":true,"href":"https:\/\/promoalge.com.br\/index.php?rest_route=%2Fwp%2Fv2%2Fproduct_tag&post=3796"}],"curies":[{"name":"wp","href":"https:\/\/api.w.org\/{rel}","templated":true}]}}