{"id":3805,"date":"2019-07-01T16:11:51","date_gmt":"2019-07-01T19:11:51","guid":{"rendered":"http:\/\/promoalge.com.br\/?post_type=product&#038;p=3805"},"modified":"2019-07-01T16:12:14","modified_gmt":"2019-07-01T19:12:14","slug":"kit-engraxate-pr98117","status":"publish","type":"product","link":"https:\/\/promoalge.com.br\/?product=kit-engraxate-pr98117","title":{"rendered":"Kit Engraxate &#8211; PR98117"},"content":{"rendered":"","protected":false},"excerpt":{"rendered":"<p>Kit de limpeza de sapatos com 6 pe\u00e7as: 1 cera para sapatos na cor preta, 1 flanela amarela, 2 escovas em madeira, 1 cal\u00e7adeira e 1 embalagem lata. \u00f8 98 x 56 mm. Grava\u00e7\u00e3o a laser no estojo em metal.<\/p>\n","protected":false},"featured_media":3806,"template":"","meta":[],"product_brand":[],"product_cat":[353],"product_tag":[],"class_list":{"0":"post-3805","1":"product","2":"type-product","3":"status-publish","4":"has-post-thumbnail","6":"product_cat-diversos","8":"first","9":"instock","10":"shipping-taxable","11":"product-type-simple"},"_links":{"self":[{"href":"https:\/\/promoalge.com.br\/index.php?rest_route=\/wp\/v2\/product\/3805","targetHints":{"allow":["GET"]}}],"collection":[{"href":"https:\/\/promoalge.com.br\/index.php?rest_route=\/wp\/v2\/product"}],"about":[{"href":"https:\/\/promoalge.com.br\/index.php?rest_route=\/wp\/v2\/types\/product"}],"wp:featuredmedia":[{"embeddable":true,"href":"https:\/\/promoalge.com.br\/index.php?rest_route=\/wp\/v2\/media\/3806"}],"wp:attachment":[{"href":"https:\/\/promoalge.com.br\/index.php?rest_route=%2Fwp%2Fv2%2Fmedia&parent=3805"}],"wp:term":[{"taxonomy":"product_brand","embeddable":true,"href":"https:\/\/promoalge.com.br\/index.php?rest_route=%2Fwp%2Fv2%2Fproduct_brand&post=3805"},{"taxonomy":"product_cat","embeddable":true,"href":"https:\/\/promoalge.com.br\/index.php?rest_route=%2Fwp%2Fv2%2Fproduct_cat&post=3805"},{"taxonomy":"product_tag","embeddable":true,"href":"https:\/\/promoalge.com.br\/index.php?rest_route=%2Fwp%2Fv2%2Fproduct_tag&post=3805"}],"curies":[{"name":"wp","href":"https:\/\/api.w.org\/{rel}","templated":true}]}}