{"id":3829,"date":"2019-07-01T16:37:16","date_gmt":"2019-07-01T19:37:16","guid":{"rendered":"http:\/\/promoalge.com.br\/?post_type=product&#038;p=3829"},"modified":"2019-07-01T16:37:16","modified_gmt":"2019-07-01T19:37:16","slug":"squeeze-600-ml-pr94618","status":"publish","type":"product","link":"https:\/\/promoalge.com.br\/?product=squeeze-600-ml-pr94618","title":{"rendered":"Squeeze 600 ml &#8211; PR94618"},"content":{"rendered":"","protected":false},"excerpt":{"rendered":"<p>Squeeze em com tampa e fundo em  A\u00e7o inox e pl\u00e1stico AS Capacidade: 600 ml, Medidas \u00f8 71 x 215 mm. Grava\u00e7\u00e3o serigrafia em 1 cor.<\/p>\n","protected":false},"featured_media":3833,"template":"","meta":[],"product_brand":[],"product_cat":[237,251],"product_tag":[],"class_list":{"0":"post-3829","1":"product","2":"type-product","3":"status-publish","4":"has-post-thumbnail","6":"product_cat-metalicas","7":"product_cat-plastica-canecas-copos-garrafas","9":"first","10":"instock","11":"shipping-taxable","12":"product-type-simple"},"_links":{"self":[{"href":"https:\/\/promoalge.com.br\/index.php?rest_route=\/wp\/v2\/product\/3829","targetHints":{"allow":["GET"]}}],"collection":[{"href":"https:\/\/promoalge.com.br\/index.php?rest_route=\/wp\/v2\/product"}],"about":[{"href":"https:\/\/promoalge.com.br\/index.php?rest_route=\/wp\/v2\/types\/product"}],"wp:featuredmedia":[{"embeddable":true,"href":"https:\/\/promoalge.com.br\/index.php?rest_route=\/wp\/v2\/media\/3833"}],"wp:attachment":[{"href":"https:\/\/promoalge.com.br\/index.php?rest_route=%2Fwp%2Fv2%2Fmedia&parent=3829"}],"wp:term":[{"taxonomy":"product_brand","embeddable":true,"href":"https:\/\/promoalge.com.br\/index.php?rest_route=%2Fwp%2Fv2%2Fproduct_brand&post=3829"},{"taxonomy":"product_cat","embeddable":true,"href":"https:\/\/promoalge.com.br\/index.php?rest_route=%2Fwp%2Fv2%2Fproduct_cat&post=3829"},{"taxonomy":"product_tag","embeddable":true,"href":"https:\/\/promoalge.com.br\/index.php?rest_route=%2Fwp%2Fv2%2Fproduct_tag&post=3829"}],"curies":[{"name":"wp","href":"https:\/\/api.w.org\/{rel}","templated":true}]}}