{"id":3841,"date":"2019-07-08T17:41:30","date_gmt":"2019-07-08T20:41:30","guid":{"rendered":"http:\/\/promoalge.com.br\/?post_type=product&#038;p=3841"},"modified":"2020-06-04T15:18:46","modified_gmt":"2020-06-04T18:18:46","slug":"kit-fitness-ktfit03","status":"publish","type":"product","link":"https:\/\/promoalge.com.br\/?product=kit-fitness-ktfit03","title":{"rendered":"Kit Fitness &#8211; KITFT03"},"content":{"rendered":"","protected":false},"excerpt":{"rendered":"<p>Kit fitness incluso mochila sacola em nylon com alca de cord\u00e3o, squeeze em metal capacidade 600 ml, e toalha de rosto. Incluso personaliza\u00e7\u00e3o em todos os itens.<\/p>\n","protected":false},"featured_media":3842,"template":"","meta":[],"product_brand":[],"product_cat":[353,407],"product_tag":[],"class_list":{"0":"post-3841","1":"product","2":"type-product","3":"status-publish","4":"has-post-thumbnail","6":"product_cat-diversos","7":"product_cat-conjuntos","9":"first","10":"instock","11":"shipping-taxable","12":"product-type-simple"},"_links":{"self":[{"href":"https:\/\/promoalge.com.br\/index.php?rest_route=\/wp\/v2\/product\/3841","targetHints":{"allow":["GET"]}}],"collection":[{"href":"https:\/\/promoalge.com.br\/index.php?rest_route=\/wp\/v2\/product"}],"about":[{"href":"https:\/\/promoalge.com.br\/index.php?rest_route=\/wp\/v2\/types\/product"}],"wp:featuredmedia":[{"embeddable":true,"href":"https:\/\/promoalge.com.br\/index.php?rest_route=\/wp\/v2\/media\/3842"}],"wp:attachment":[{"href":"https:\/\/promoalge.com.br\/index.php?rest_route=%2Fwp%2Fv2%2Fmedia&parent=3841"}],"wp:term":[{"taxonomy":"product_brand","embeddable":true,"href":"https:\/\/promoalge.com.br\/index.php?rest_route=%2Fwp%2Fv2%2Fproduct_brand&post=3841"},{"taxonomy":"product_cat","embeddable":true,"href":"https:\/\/promoalge.com.br\/index.php?rest_route=%2Fwp%2Fv2%2Fproduct_cat&post=3841"},{"taxonomy":"product_tag","embeddable":true,"href":"https:\/\/promoalge.com.br\/index.php?rest_route=%2Fwp%2Fv2%2Fproduct_tag&post=3841"}],"curies":[{"name":"wp","href":"https:\/\/api.w.org\/{rel}","templated":true}]}}