{"id":3856,"date":"2019-07-08T17:47:31","date_gmt":"2019-07-08T20:47:31","guid":{"rendered":"http:\/\/promoalge.com.br\/?post_type=product&#038;p=3856"},"modified":"2020-06-04T15:18:19","modified_gmt":"2020-06-04T18:18:19","slug":"kit-fitness-kitft06","status":"publish","type":"product","link":"https:\/\/promoalge.com.br\/?product=kit-fitness-kitft06","title":{"rendered":"Kit Fitness &#8211; KITFT06"},"content":{"rendered":"","protected":false},"excerpt":{"rendered":"<p>Kit Fitness incluso mochila sacola em nylon com cord\u00e3o, e squeeze em alum\u00ednio capacidade 600 ml. Grava\u00e7\u00e3o serigrafia em 1 cor na mochila e laser na squeeze.<\/p>\n","protected":false},"featured_media":3845,"template":"","meta":[],"product_brand":[],"product_cat":[353,407],"product_tag":[],"class_list":{"0":"post-3856","1":"product","2":"type-product","3":"status-publish","4":"has-post-thumbnail","6":"product_cat-diversos","7":"product_cat-conjuntos","9":"first","10":"instock","11":"shipping-taxable","12":"product-type-simple"},"_links":{"self":[{"href":"https:\/\/promoalge.com.br\/index.php?rest_route=\/wp\/v2\/product\/3856","targetHints":{"allow":["GET"]}}],"collection":[{"href":"https:\/\/promoalge.com.br\/index.php?rest_route=\/wp\/v2\/product"}],"about":[{"href":"https:\/\/promoalge.com.br\/index.php?rest_route=\/wp\/v2\/types\/product"}],"wp:featuredmedia":[{"embeddable":true,"href":"https:\/\/promoalge.com.br\/index.php?rest_route=\/wp\/v2\/media\/3845"}],"wp:attachment":[{"href":"https:\/\/promoalge.com.br\/index.php?rest_route=%2Fwp%2Fv2%2Fmedia&parent=3856"}],"wp:term":[{"taxonomy":"product_brand","embeddable":true,"href":"https:\/\/promoalge.com.br\/index.php?rest_route=%2Fwp%2Fv2%2Fproduct_brand&post=3856"},{"taxonomy":"product_cat","embeddable":true,"href":"https:\/\/promoalge.com.br\/index.php?rest_route=%2Fwp%2Fv2%2Fproduct_cat&post=3856"},{"taxonomy":"product_tag","embeddable":true,"href":"https:\/\/promoalge.com.br\/index.php?rest_route=%2Fwp%2Fv2%2Fproduct_tag&post=3856"}],"curies":[{"name":"wp","href":"https:\/\/api.w.org\/{rel}","templated":true}]}}