{"id":3858,"date":"2019-07-08T17:52:54","date_gmt":"2019-07-08T20:52:54","guid":{"rendered":"http:\/\/promoalge.com.br\/?post_type=product&#038;p=3858"},"modified":"2020-06-04T15:17:58","modified_gmt":"2020-06-04T18:17:58","slug":"kit-fitness-kitft08","status":"publish","type":"product","link":"https:\/\/promoalge.com.br\/?product=kit-fitness-kitft08","title":{"rendered":"Kit Fitness &#8211; KITFT08"},"content":{"rendered":"","protected":false},"excerpt":{"rendered":"<p>Kit Fitness Incluso 1 copo para salada de 800 ml com colher e mini pote para molho, 1 Bolsa t\u00e9rmica produzida em tnt, capacidade para 4 latas de 0,5 L com al\u00e7a de m\u00e3o. Grava\u00e7\u00e3o serigrafia em 1 cor na bolsa e copo.<\/p>\n","protected":false},"featured_media":3852,"template":"","meta":[],"product_brand":[],"product_cat":[353,407],"product_tag":[],"class_list":{"0":"post-3858","1":"product","2":"type-product","3":"status-publish","4":"has-post-thumbnail","6":"product_cat-diversos","7":"product_cat-conjuntos","9":"first","10":"instock","11":"shipping-taxable","12":"product-type-simple"},"_links":{"self":[{"href":"https:\/\/promoalge.com.br\/index.php?rest_route=\/wp\/v2\/product\/3858","targetHints":{"allow":["GET"]}}],"collection":[{"href":"https:\/\/promoalge.com.br\/index.php?rest_route=\/wp\/v2\/product"}],"about":[{"href":"https:\/\/promoalge.com.br\/index.php?rest_route=\/wp\/v2\/types\/product"}],"wp:featuredmedia":[{"embeddable":true,"href":"https:\/\/promoalge.com.br\/index.php?rest_route=\/wp\/v2\/media\/3852"}],"wp:attachment":[{"href":"https:\/\/promoalge.com.br\/index.php?rest_route=%2Fwp%2Fv2%2Fmedia&parent=3858"}],"wp:term":[{"taxonomy":"product_brand","embeddable":true,"href":"https:\/\/promoalge.com.br\/index.php?rest_route=%2Fwp%2Fv2%2Fproduct_brand&post=3858"},{"taxonomy":"product_cat","embeddable":true,"href":"https:\/\/promoalge.com.br\/index.php?rest_route=%2Fwp%2Fv2%2Fproduct_cat&post=3858"},{"taxonomy":"product_tag","embeddable":true,"href":"https:\/\/promoalge.com.br\/index.php?rest_route=%2Fwp%2Fv2%2Fproduct_tag&post=3858"}],"curies":[{"name":"wp","href":"https:\/\/api.w.org\/{rel}","templated":true}]}}