{"id":3882,"date":"2019-07-18T11:52:50","date_gmt":"2019-07-18T14:52:50","guid":{"rendered":"http:\/\/promoalge.com.br\/?post_type=product&#038;p=3882"},"modified":"2019-07-18T11:52:51","modified_gmt":"2019-07-18T14:52:51","slug":"caneta-metalica-touch-pr91476","status":"publish","type":"product","link":"https:\/\/promoalge.com.br\/?product=caneta-metalica-touch-pr91476","title":{"rendered":"Caneta Met\u00e1lica Touch &#8211; PR91476"},"content":{"rendered":"","protected":false},"excerpt":{"rendered":"<p>Caneta esferogr\u00e1fica com corpo met\u00e1lico e  ponteira touch, medidas \u00f811 x 140 mm. Grava\u00e7\u00e3o a laser<\/p>\n","protected":false},"featured_media":3883,"template":"","meta":[],"product_brand":[],"product_cat":[346],"product_tag":[],"class_list":{"0":"post-3882","1":"product","2":"type-product","3":"status-publish","4":"has-post-thumbnail","6":"product_cat-canetas-metalicas","8":"first","9":"instock","10":"shipping-taxable","11":"product-type-simple"},"_links":{"self":[{"href":"https:\/\/promoalge.com.br\/index.php?rest_route=\/wp\/v2\/product\/3882","targetHints":{"allow":["GET"]}}],"collection":[{"href":"https:\/\/promoalge.com.br\/index.php?rest_route=\/wp\/v2\/product"}],"about":[{"href":"https:\/\/promoalge.com.br\/index.php?rest_route=\/wp\/v2\/types\/product"}],"wp:featuredmedia":[{"embeddable":true,"href":"https:\/\/promoalge.com.br\/index.php?rest_route=\/wp\/v2\/media\/3883"}],"wp:attachment":[{"href":"https:\/\/promoalge.com.br\/index.php?rest_route=%2Fwp%2Fv2%2Fmedia&parent=3882"}],"wp:term":[{"taxonomy":"product_brand","embeddable":true,"href":"https:\/\/promoalge.com.br\/index.php?rest_route=%2Fwp%2Fv2%2Fproduct_brand&post=3882"},{"taxonomy":"product_cat","embeddable":true,"href":"https:\/\/promoalge.com.br\/index.php?rest_route=%2Fwp%2Fv2%2Fproduct_cat&post=3882"},{"taxonomy":"product_tag","embeddable":true,"href":"https:\/\/promoalge.com.br\/index.php?rest_route=%2Fwp%2Fv2%2Fproduct_tag&post=3882"}],"curies":[{"name":"wp","href":"https:\/\/api.w.org\/{rel}","templated":true}]}}