{"id":39,"date":"2018-06-14T17:02:35","date_gmt":"2018-06-14T20:02:35","guid":{"rendered":"http:\/\/promoalge.com.br\/?product=import-placeholder-for-3526"},"modified":"2018-06-14T17:03:12","modified_gmt":"2018-06-14T20:03:12","slug":"caderno-cad11f","status":"publish","type":"product","link":"https:\/\/promoalge.com.br\/?product=caderno-cad11f","title":{"rendered":"Caderno &#8211; CAD11F"},"content":{"rendered":"<p>Caderno Fotolux Miolo branco ou reciclado pautado com 96 folhas, 192 paginas, incluso adicional 8 paginas iniciais sendo: Dados pessoais, calend\u00e1rio, planejamento anual e trimestral. Grava\u00e7\u00e3o Impress\u00e3o na capa em policromia, incluso 1 pagina de propaganda interna impress\u00e3o em policromia, e marca d`\u00e1gua em todas as paginas. Medidas dispon\u00edveis 15 x 21 \/ 17 x 24 \/ 21 x 28 cm.<\/p>\n","protected":false},"excerpt":{"rendered":"<p>Caderno Fotolux Miolo branco ou reciclado pautado com 96 folhas, 192 paginas, incluso adicional 8 paginas iniciais sendo: Dados pessoais, calend\u00e1rio, planejamento anual e trimestral. Grava\u00e7\u00e3o Impress\u00e3o na capa em policromia, incluso 1 pagina de propaganda interna impress\u00e3o em policromia, e marca d`\u00e1gua em todas as paginas. Medidas dispon\u00edveis 15 x 21 \/ 17 x 24 \/ 21 x 28 cm.<\/p>\n","protected":false},"featured_media":75,"template":"","meta":[],"product_brand":[],"product_cat":[59],"product_tag":[],"class_list":{"0":"post-39","1":"product","2":"type-product","3":"status-publish","4":"has-post-thumbnail","6":"product_cat-agendas-cadernos","8":"first","9":"instock","10":"shipping-taxable","11":"product-type-simple"},"_links":{"self":[{"href":"https:\/\/promoalge.com.br\/index.php?rest_route=\/wp\/v2\/product\/39","targetHints":{"allow":["GET"]}}],"collection":[{"href":"https:\/\/promoalge.com.br\/index.php?rest_route=\/wp\/v2\/product"}],"about":[{"href":"https:\/\/promoalge.com.br\/index.php?rest_route=\/wp\/v2\/types\/product"}],"wp:featuredmedia":[{"embeddable":true,"href":"https:\/\/promoalge.com.br\/index.php?rest_route=\/wp\/v2\/media\/75"}],"wp:attachment":[{"href":"https:\/\/promoalge.com.br\/index.php?rest_route=%2Fwp%2Fv2%2Fmedia&parent=39"}],"wp:term":[{"taxonomy":"product_brand","embeddable":true,"href":"https:\/\/promoalge.com.br\/index.php?rest_route=%2Fwp%2Fv2%2Fproduct_brand&post=39"},{"taxonomy":"product_cat","embeddable":true,"href":"https:\/\/promoalge.com.br\/index.php?rest_route=%2Fwp%2Fv2%2Fproduct_cat&post=39"},{"taxonomy":"product_tag","embeddable":true,"href":"https:\/\/promoalge.com.br\/index.php?rest_route=%2Fwp%2Fv2%2Fproduct_tag&post=39"}],"curies":[{"name":"wp","href":"https:\/\/api.w.org\/{rel}","templated":true}]}}