{"id":3929,"date":"2019-07-24T16:10:21","date_gmt":"2019-07-24T19:10:21","guid":{"rendered":"http:\/\/promoalge.com.br\/?post_type=product&#038;p=3929"},"modified":"2019-07-24T16:10:22","modified_gmt":"2019-07-24T19:10:22","slug":"copo-com-canudo-para-colorir-pr54635","status":"publish","type":"product","link":"https:\/\/promoalge.com.br\/?product=copo-com-canudo-para-colorir-pr54635","title":{"rendered":"Copo com Canudo para Colorir &#8211; PR54635"},"content":{"rendered":"","protected":false},"excerpt":{"rendered":"<p>Copo pl\u00e1stico capacidade: 200 ml. produzido em  PP e PS, com palhinha flex\u00edvel e canudo, possui 3 desenhos para colorir e 6 mini l\u00e1pis de cor inclusos, medidas \u00f872 x 98 mm. Grava\u00e7\u00e3o serigrafia em 1 cor.<\/p>\n","protected":false},"featured_media":3936,"template":"","meta":[],"product_brand":[],"product_cat":[251],"product_tag":[],"class_list":{"0":"post-3929","1":"product","2":"type-product","3":"status-publish","4":"has-post-thumbnail","6":"product_cat-plastica-canecas-copos-garrafas","8":"first","9":"instock","10":"shipping-taxable","11":"product-type-simple"},"_links":{"self":[{"href":"https:\/\/promoalge.com.br\/index.php?rest_route=\/wp\/v2\/product\/3929","targetHints":{"allow":["GET"]}}],"collection":[{"href":"https:\/\/promoalge.com.br\/index.php?rest_route=\/wp\/v2\/product"}],"about":[{"href":"https:\/\/promoalge.com.br\/index.php?rest_route=\/wp\/v2\/types\/product"}],"wp:featuredmedia":[{"embeddable":true,"href":"https:\/\/promoalge.com.br\/index.php?rest_route=\/wp\/v2\/media\/3936"}],"wp:attachment":[{"href":"https:\/\/promoalge.com.br\/index.php?rest_route=%2Fwp%2Fv2%2Fmedia&parent=3929"}],"wp:term":[{"taxonomy":"product_brand","embeddable":true,"href":"https:\/\/promoalge.com.br\/index.php?rest_route=%2Fwp%2Fv2%2Fproduct_brand&post=3929"},{"taxonomy":"product_cat","embeddable":true,"href":"https:\/\/promoalge.com.br\/index.php?rest_route=%2Fwp%2Fv2%2Fproduct_cat&post=3929"},{"taxonomy":"product_tag","embeddable":true,"href":"https:\/\/promoalge.com.br\/index.php?rest_route=%2Fwp%2Fv2%2Fproduct_tag&post=3929"}],"curies":[{"name":"wp","href":"https:\/\/api.w.org\/{rel}","templated":true}]}}