{"id":3943,"date":"2019-07-24T16:33:47","date_gmt":"2019-07-24T19:33:47","guid":{"rendered":"http:\/\/promoalge.com.br\/?post_type=product&#038;p=3943"},"modified":"2019-07-24T16:33:47","modified_gmt":"2019-07-24T19:33:47","slug":"kit-lapis-de-cor-pr91747","status":"publish","type":"product","link":"https:\/\/promoalge.com.br\/?product=kit-lapis-de-cor-pr91747","title":{"rendered":"Kit Lapis de Cor &#8211; PR91747"},"content":{"rendered":"","protected":false},"excerpt":{"rendered":"<p>Conjunto com 12 mini l\u00e1pis de cor, acomodados em caixa kraft, medidas caixa 9 x 9 x 0,9 cm. Grava\u00e7\u00e3o serigrafia em 1 cor na caixa.<\/p>\n","protected":false},"featured_media":3944,"template":"","meta":[],"product_brand":[],"product_cat":[353],"product_tag":[],"class_list":{"0":"post-3943","1":"product","2":"type-product","3":"status-publish","4":"has-post-thumbnail","6":"product_cat-diversos","8":"first","9":"instock","10":"shipping-taxable","11":"product-type-simple"},"_links":{"self":[{"href":"https:\/\/promoalge.com.br\/index.php?rest_route=\/wp\/v2\/product\/3943","targetHints":{"allow":["GET"]}}],"collection":[{"href":"https:\/\/promoalge.com.br\/index.php?rest_route=\/wp\/v2\/product"}],"about":[{"href":"https:\/\/promoalge.com.br\/index.php?rest_route=\/wp\/v2\/types\/product"}],"wp:featuredmedia":[{"embeddable":true,"href":"https:\/\/promoalge.com.br\/index.php?rest_route=\/wp\/v2\/media\/3944"}],"wp:attachment":[{"href":"https:\/\/promoalge.com.br\/index.php?rest_route=%2Fwp%2Fv2%2Fmedia&parent=3943"}],"wp:term":[{"taxonomy":"product_brand","embeddable":true,"href":"https:\/\/promoalge.com.br\/index.php?rest_route=%2Fwp%2Fv2%2Fproduct_brand&post=3943"},{"taxonomy":"product_cat","embeddable":true,"href":"https:\/\/promoalge.com.br\/index.php?rest_route=%2Fwp%2Fv2%2Fproduct_cat&post=3943"},{"taxonomy":"product_tag","embeddable":true,"href":"https:\/\/promoalge.com.br\/index.php?rest_route=%2Fwp%2Fv2%2Fproduct_tag&post=3943"}],"curies":[{"name":"wp","href":"https:\/\/api.w.org\/{rel}","templated":true}]}}