{"id":3983,"date":"2019-07-30T13:02:52","date_gmt":"2019-07-30T16:02:52","guid":{"rendered":"http:\/\/promoalge.com.br\/?post_type=product&#038;p=3983"},"modified":"2019-07-30T13:02:53","modified_gmt":"2019-07-30T16:02:53","slug":"kit-queijo-pr93976","status":"publish","type":"product","link":"https:\/\/promoalge.com.br\/?product=kit-queijo-pr93976","title":{"rendered":"Kit Queijo &#8211; PR93976"},"content":{"rendered":"","protected":false},"excerpt":{"rendered":"<p>Kit queijo com t\u00e1bua de bambu e a\u00e7o inox, possui 3 talheres, medidas 330 x 195 x 16 mm. Grava\u00e7\u00e3o a laser na t\u00e1bua e l\u00e2mina dos talheres.<\/p>\n","protected":false},"featured_media":3984,"template":"","meta":[],"product_brand":[],"product_cat":[49],"product_tag":[],"class_list":{"0":"post-3983","1":"product","2":"type-product","3":"status-publish","4":"has-post-thumbnail","6":"product_cat-bar-queijo-vinhos","8":"first","9":"instock","10":"shipping-taxable","11":"product-type-simple"},"_links":{"self":[{"href":"https:\/\/promoalge.com.br\/index.php?rest_route=\/wp\/v2\/product\/3983","targetHints":{"allow":["GET"]}}],"collection":[{"href":"https:\/\/promoalge.com.br\/index.php?rest_route=\/wp\/v2\/product"}],"about":[{"href":"https:\/\/promoalge.com.br\/index.php?rest_route=\/wp\/v2\/types\/product"}],"wp:featuredmedia":[{"embeddable":true,"href":"https:\/\/promoalge.com.br\/index.php?rest_route=\/wp\/v2\/media\/3984"}],"wp:attachment":[{"href":"https:\/\/promoalge.com.br\/index.php?rest_route=%2Fwp%2Fv2%2Fmedia&parent=3983"}],"wp:term":[{"taxonomy":"product_brand","embeddable":true,"href":"https:\/\/promoalge.com.br\/index.php?rest_route=%2Fwp%2Fv2%2Fproduct_brand&post=3983"},{"taxonomy":"product_cat","embeddable":true,"href":"https:\/\/promoalge.com.br\/index.php?rest_route=%2Fwp%2Fv2%2Fproduct_cat&post=3983"},{"taxonomy":"product_tag","embeddable":true,"href":"https:\/\/promoalge.com.br\/index.php?rest_route=%2Fwp%2Fv2%2Fproduct_tag&post=3983"}],"curies":[{"name":"wp","href":"https:\/\/api.w.org\/{rel}","templated":true}]}}