{"id":3985,"date":"2019-07-30T13:51:56","date_gmt":"2019-07-30T16:51:56","guid":{"rendered":"http:\/\/promoalge.com.br\/?post_type=product&#038;p=3985"},"modified":"2019-07-30T13:51:57","modified_gmt":"2019-07-30T16:51:57","slug":"kit-queijo-pr3270","status":"publish","type":"product","link":"https:\/\/promoalge.com.br\/?product=kit-queijo-pr3270","title":{"rendered":"Kit Queijo &#8211; PR3270"},"content":{"rendered":"","protected":false},"excerpt":{"rendered":"<p>Kit queijo 3 pe\u00e7as com t\u00e1bua de madeira de formato oval com um detalhe circular em relevo no lado direito. Al\u00e9m de as pe\u00e7as terem a forma na t\u00e1bua para serem encaixadas, s\u00e3o fixadas por im\u00e3, medidas: T\u00e1bua 18,8 cm x 32 cm x 1,4 cm \u2013 Esp\u00e1tula 12 cm x 4,6 cm \u2013 Garfo 12,4 cm x 2,9 cm \u2013 Faca com ponta 11,3 cm x 3 cm. Grava\u00e7\u00e3o a laser na t\u00e1bua e l\u00e2mina das facas.<\/p>\n","protected":false},"featured_media":3987,"template":"","meta":[],"product_brand":[],"product_cat":[49],"product_tag":[],"class_list":{"0":"post-3985","1":"product","2":"type-product","3":"status-publish","4":"has-post-thumbnail","6":"product_cat-bar-queijo-vinhos","8":"first","9":"instock","10":"shipping-taxable","11":"product-type-simple"},"_links":{"self":[{"href":"https:\/\/promoalge.com.br\/index.php?rest_route=\/wp\/v2\/product\/3985","targetHints":{"allow":["GET"]}}],"collection":[{"href":"https:\/\/promoalge.com.br\/index.php?rest_route=\/wp\/v2\/product"}],"about":[{"href":"https:\/\/promoalge.com.br\/index.php?rest_route=\/wp\/v2\/types\/product"}],"wp:featuredmedia":[{"embeddable":true,"href":"https:\/\/promoalge.com.br\/index.php?rest_route=\/wp\/v2\/media\/3987"}],"wp:attachment":[{"href":"https:\/\/promoalge.com.br\/index.php?rest_route=%2Fwp%2Fv2%2Fmedia&parent=3985"}],"wp:term":[{"taxonomy":"product_brand","embeddable":true,"href":"https:\/\/promoalge.com.br\/index.php?rest_route=%2Fwp%2Fv2%2Fproduct_brand&post=3985"},{"taxonomy":"product_cat","embeddable":true,"href":"https:\/\/promoalge.com.br\/index.php?rest_route=%2Fwp%2Fv2%2Fproduct_cat&post=3985"},{"taxonomy":"product_tag","embeddable":true,"href":"https:\/\/promoalge.com.br\/index.php?rest_route=%2Fwp%2Fv2%2Fproduct_tag&post=3985"}],"curies":[{"name":"wp","href":"https:\/\/api.w.org\/{rel}","templated":true}]}}