{"id":40,"date":"2018-06-14T17:02:35","date_gmt":"2018-06-14T20:02:35","guid":{"rendered":"http:\/\/promoalge.com.br\/?product=import-placeholder-for-3530"},"modified":"2018-06-14T17:03:18","modified_gmt":"2018-06-14T20:03:18","slug":"caderno-andromeda-cad12","status":"publish","type":"product","link":"https:\/\/promoalge.com.br\/?product=caderno-andromeda-cad12","title":{"rendered":"Caderno Andromeda &#8211; CAD12"},"content":{"rendered":"<p>&nbsp;<\/p>\n<p>Caderno Andr\u00f4meda. Miolo branco ou reciclado pautado com 96 folhas, 192 paginas incluso 8 paginas iniciais sendo: Dados pessoais, calend\u00e1rio, planejamento anual e trimestral. Fechamento wire-o. Incluso Personaliza\u00e7\u00e3o em Baixo Relevo 01 posi\u00e7\u00e3o ou Hot Stamping 01 posi\u00e7\u00e3o ou Silk Screen 01 cor 01 posi\u00e7\u00e3o na capa, incluso 1 pagina de propaganda interna impressao em policromia, e marca d`agua em todas as paginas.Dispon\u00edvel nos tamanhos 21 x 28, 17 x 24, 15 x 21 cm.<\/p>\n","protected":false},"excerpt":{"rendered":"<p>Caderno Andr\u00f4meda. Miolo branco ou reciclado pautado com 96 folhas, 192 paginas incluso 8 paginas iniciais sendo: Dados pessoais, calend\u00e1rio, planejamento anual e trimestral. Fechamento wire-o. Incluso Personaliza\u00e7\u00e3o em Baixo Relevo 01 posi\u00e7\u00e3o ou Hot Stamping 01 posi\u00e7\u00e3o ou Silk Screen 01 cor 01 posi\u00e7\u00e3o na capa, incluso 1 pagina de propaganda interna impressao em policromia, e marca d`agua em todas as paginas.Dispon\u00edvel nos tamanhos 21 x 28, 17 x 24, 15 x 21 cm.<\/p>\n","protected":false},"featured_media":78,"template":"","meta":[],"product_brand":[],"product_cat":[59],"product_tag":[],"class_list":{"0":"post-40","1":"product","2":"type-product","3":"status-publish","4":"has-post-thumbnail","6":"product_cat-agendas-cadernos","8":"first","9":"instock","10":"shipping-taxable","11":"product-type-simple"},"_links":{"self":[{"href":"https:\/\/promoalge.com.br\/index.php?rest_route=\/wp\/v2\/product\/40","targetHints":{"allow":["GET"]}}],"collection":[{"href":"https:\/\/promoalge.com.br\/index.php?rest_route=\/wp\/v2\/product"}],"about":[{"href":"https:\/\/promoalge.com.br\/index.php?rest_route=\/wp\/v2\/types\/product"}],"wp:featuredmedia":[{"embeddable":true,"href":"https:\/\/promoalge.com.br\/index.php?rest_route=\/wp\/v2\/media\/78"}],"wp:attachment":[{"href":"https:\/\/promoalge.com.br\/index.php?rest_route=%2Fwp%2Fv2%2Fmedia&parent=40"}],"wp:term":[{"taxonomy":"product_brand","embeddable":true,"href":"https:\/\/promoalge.com.br\/index.php?rest_route=%2Fwp%2Fv2%2Fproduct_brand&post=40"},{"taxonomy":"product_cat","embeddable":true,"href":"https:\/\/promoalge.com.br\/index.php?rest_route=%2Fwp%2Fv2%2Fproduct_cat&post=40"},{"taxonomy":"product_tag","embeddable":true,"href":"https:\/\/promoalge.com.br\/index.php?rest_route=%2Fwp%2Fv2%2Fproduct_tag&post=40"}],"curies":[{"name":"wp","href":"https:\/\/api.w.org\/{rel}","templated":true}]}}