{"id":4003,"date":"2019-07-31T18:14:22","date_gmt":"2019-07-31T21:14:22","guid":{"rendered":"http:\/\/promoalge.com.br\/?post_type=product&#038;p=4003"},"modified":"2019-07-31T18:14:22","modified_gmt":"2019-07-31T21:14:22","slug":"caneta-metalica-pr12443","status":"publish","type":"product","link":"https:\/\/promoalge.com.br\/?product=caneta-metalica-pr12443","title":{"rendered":"Caneta Met\u00e1lica &#8211; PR12443"},"content":{"rendered":"","protected":false},"excerpt":{"rendered":"<p>Caneta metal colorida com detalhes. Clip de metal com relevo, as cores dos detalhes variam conforme a cor da caneta, que s\u00e3o: clip, acionador, anel inferior e ponteira. Aciona por clique. Grava\u00e7\u00e3o a laser.<\/p>\n","protected":false},"featured_media":4006,"template":"","meta":[],"product_brand":[],"product_cat":[346],"product_tag":[],"class_list":{"0":"post-4003","1":"product","2":"type-product","3":"status-publish","4":"has-post-thumbnail","6":"product_cat-canetas-metalicas","8":"first","9":"instock","10":"shipping-taxable","11":"product-type-simple"},"_links":{"self":[{"href":"https:\/\/promoalge.com.br\/index.php?rest_route=\/wp\/v2\/product\/4003","targetHints":{"allow":["GET"]}}],"collection":[{"href":"https:\/\/promoalge.com.br\/index.php?rest_route=\/wp\/v2\/product"}],"about":[{"href":"https:\/\/promoalge.com.br\/index.php?rest_route=\/wp\/v2\/types\/product"}],"wp:featuredmedia":[{"embeddable":true,"href":"https:\/\/promoalge.com.br\/index.php?rest_route=\/wp\/v2\/media\/4006"}],"wp:attachment":[{"href":"https:\/\/promoalge.com.br\/index.php?rest_route=%2Fwp%2Fv2%2Fmedia&parent=4003"}],"wp:term":[{"taxonomy":"product_brand","embeddable":true,"href":"https:\/\/promoalge.com.br\/index.php?rest_route=%2Fwp%2Fv2%2Fproduct_brand&post=4003"},{"taxonomy":"product_cat","embeddable":true,"href":"https:\/\/promoalge.com.br\/index.php?rest_route=%2Fwp%2Fv2%2Fproduct_cat&post=4003"},{"taxonomy":"product_tag","embeddable":true,"href":"https:\/\/promoalge.com.br\/index.php?rest_route=%2Fwp%2Fv2%2Fproduct_tag&post=4003"}],"curies":[{"name":"wp","href":"https:\/\/api.w.org\/{rel}","templated":true}]}}