{"id":4011,"date":"2019-08-12T11:02:52","date_gmt":"2019-08-12T14:02:52","guid":{"rendered":"http:\/\/promoalge.com.br\/?post_type=product&#038;p=4011"},"modified":"2019-08-12T11:02:52","modified_gmt":"2019-08-12T14:02:52","slug":"lapiseira-metalica-pr143l","status":"publish","type":"product","link":"https:\/\/promoalge.com.br\/?product=lapiseira-metalica-pr143l","title":{"rendered":"Lapiseira Met\u00e1lica &#8211; PR143L"},"content":{"rendered":"","protected":false},"excerpt":{"rendered":"<p>Lapiseira grafite 0,7 com corpo met\u00e1lico, Grava\u00e7\u00e3o a laser.<\/p>\n","protected":false},"featured_media":4012,"template":"","meta":[],"product_brand":[],"product_cat":[346],"product_tag":[],"class_list":{"0":"post-4011","1":"product","2":"type-product","3":"status-publish","4":"has-post-thumbnail","6":"product_cat-canetas-metalicas","8":"first","9":"instock","10":"shipping-taxable","11":"product-type-simple"},"_links":{"self":[{"href":"https:\/\/promoalge.com.br\/index.php?rest_route=\/wp\/v2\/product\/4011","targetHints":{"allow":["GET"]}}],"collection":[{"href":"https:\/\/promoalge.com.br\/index.php?rest_route=\/wp\/v2\/product"}],"about":[{"href":"https:\/\/promoalge.com.br\/index.php?rest_route=\/wp\/v2\/types\/product"}],"wp:featuredmedia":[{"embeddable":true,"href":"https:\/\/promoalge.com.br\/index.php?rest_route=\/wp\/v2\/media\/4012"}],"wp:attachment":[{"href":"https:\/\/promoalge.com.br\/index.php?rest_route=%2Fwp%2Fv2%2Fmedia&parent=4011"}],"wp:term":[{"taxonomy":"product_brand","embeddable":true,"href":"https:\/\/promoalge.com.br\/index.php?rest_route=%2Fwp%2Fv2%2Fproduct_brand&post=4011"},{"taxonomy":"product_cat","embeddable":true,"href":"https:\/\/promoalge.com.br\/index.php?rest_route=%2Fwp%2Fv2%2Fproduct_cat&post=4011"},{"taxonomy":"product_tag","embeddable":true,"href":"https:\/\/promoalge.com.br\/index.php?rest_route=%2Fwp%2Fv2%2Fproduct_tag&post=4011"}],"curies":[{"name":"wp","href":"https:\/\/api.w.org\/{rel}","templated":true}]}}