{"id":4013,"date":"2019-08-12T12:50:13","date_gmt":"2019-08-12T15:50:13","guid":{"rendered":"http:\/\/promoalge.com.br\/?post_type=product&#038;p=4013"},"modified":"2019-08-12T12:50:14","modified_gmt":"2019-08-12T15:50:14","slug":"bolsa-termica-12-litros-prbt301","status":"publish","type":"product","link":"https:\/\/promoalge.com.br\/?product=bolsa-termica-12-litros-prbt301","title":{"rendered":"Bolsa T\u00e9rmica 12 Litros &#8211; PRBT301"},"content":{"rendered":"","protected":false},"excerpt":{"rendered":"<p>Bolsa t\u00e9rmica 12 litros de material poli\u00e9ster com detalhes em nylon. Abertura superior, possui bolso frontal, dois bolsos de rede nas laterais, fivelas nas laterais para utiliza\u00e7\u00e3o\/encaixe da al\u00e7a de ombro e al\u00e7a superior, medidas (C x L):  26,5 cm x 24,5 cm x 22 cm. Grava\u00e7\u00e3o serigrafia em 1 cor.<\/p>\n","protected":false},"featured_media":4014,"template":"","meta":[],"product_brand":[],"product_cat":[79,414],"product_tag":[],"class_list":{"0":"post-4013","1":"product","2":"type-product","3":"status-publish","4":"has-post-thumbnail","6":"product_cat-bolsas-mochilas","7":"product_cat-praia-verao","9":"first","10":"instock","11":"shipping-taxable","12":"product-type-simple"},"_links":{"self":[{"href":"https:\/\/promoalge.com.br\/index.php?rest_route=\/wp\/v2\/product\/4013","targetHints":{"allow":["GET"]}}],"collection":[{"href":"https:\/\/promoalge.com.br\/index.php?rest_route=\/wp\/v2\/product"}],"about":[{"href":"https:\/\/promoalge.com.br\/index.php?rest_route=\/wp\/v2\/types\/product"}],"wp:featuredmedia":[{"embeddable":true,"href":"https:\/\/promoalge.com.br\/index.php?rest_route=\/wp\/v2\/media\/4014"}],"wp:attachment":[{"href":"https:\/\/promoalge.com.br\/index.php?rest_route=%2Fwp%2Fv2%2Fmedia&parent=4013"}],"wp:term":[{"taxonomy":"product_brand","embeddable":true,"href":"https:\/\/promoalge.com.br\/index.php?rest_route=%2Fwp%2Fv2%2Fproduct_brand&post=4013"},{"taxonomy":"product_cat","embeddable":true,"href":"https:\/\/promoalge.com.br\/index.php?rest_route=%2Fwp%2Fv2%2Fproduct_cat&post=4013"},{"taxonomy":"product_tag","embeddable":true,"href":"https:\/\/promoalge.com.br\/index.php?rest_route=%2Fwp%2Fv2%2Fproduct_tag&post=4013"}],"curies":[{"name":"wp","href":"https:\/\/api.w.org\/{rel}","templated":true}]}}