{"id":4025,"date":"2019-08-12T13:50:42","date_gmt":"2019-08-12T16:50:42","guid":{"rendered":"http:\/\/promoalge.com.br\/?post_type=product&#038;p=4025"},"modified":"2019-10-22T10:32:30","modified_gmt":"2019-10-22T13:32:30","slug":"caneca-acrilico-400-ml-chp400","status":"publish","type":"product","link":"https:\/\/promoalge.com.br\/?product=caneca-acrilico-400-ml-chp400","title":{"rendered":"Caneca Acr\u00edlico 400 ml &#8211; CHP400"},"content":{"rendered":"","protected":false},"excerpt":{"rendered":"<p>Caneca de acr\u00edlico capacidade 400 ml  com boca e al\u00e7a refor\u00e7adas, medidas 7 cm di\u00e2metro x 13 cm altura. Grava\u00e7\u00e3o serigrafia em 1 cor.<\/p>\n","protected":false},"featured_media":4030,"template":"","meta":[],"product_brand":[],"product_cat":[251],"product_tag":[],"class_list":{"0":"post-4025","1":"product","2":"type-product","3":"status-publish","4":"has-post-thumbnail","6":"product_cat-plastica-canecas-copos-garrafas","8":"first","9":"instock","10":"shipping-taxable","11":"product-type-simple"},"_links":{"self":[{"href":"https:\/\/promoalge.com.br\/index.php?rest_route=\/wp\/v2\/product\/4025","targetHints":{"allow":["GET"]}}],"collection":[{"href":"https:\/\/promoalge.com.br\/index.php?rest_route=\/wp\/v2\/product"}],"about":[{"href":"https:\/\/promoalge.com.br\/index.php?rest_route=\/wp\/v2\/types\/product"}],"wp:featuredmedia":[{"embeddable":true,"href":"https:\/\/promoalge.com.br\/index.php?rest_route=\/wp\/v2\/media\/4030"}],"wp:attachment":[{"href":"https:\/\/promoalge.com.br\/index.php?rest_route=%2Fwp%2Fv2%2Fmedia&parent=4025"}],"wp:term":[{"taxonomy":"product_brand","embeddable":true,"href":"https:\/\/promoalge.com.br\/index.php?rest_route=%2Fwp%2Fv2%2Fproduct_brand&post=4025"},{"taxonomy":"product_cat","embeddable":true,"href":"https:\/\/promoalge.com.br\/index.php?rest_route=%2Fwp%2Fv2%2Fproduct_cat&post=4025"},{"taxonomy":"product_tag","embeddable":true,"href":"https:\/\/promoalge.com.br\/index.php?rest_route=%2Fwp%2Fv2%2Fproduct_tag&post=4025"}],"curies":[{"name":"wp","href":"https:\/\/api.w.org\/{rel}","templated":true}]}}