{"id":4031,"date":"2019-08-15T14:47:24","date_gmt":"2019-08-15T17:47:24","guid":{"rendered":"http:\/\/promoalge.com.br\/?post_type=product&#038;p=4031"},"modified":"2019-08-15T14:47:25","modified_gmt":"2019-08-15T17:47:25","slug":"kit-pizza-pd10353","status":"publish","type":"product","link":"https:\/\/promoalge.com.br\/?product=kit-pizza-pd10353","title":{"rendered":"Kit Pizza &#8211; PD10353"},"content":{"rendered":"","protected":false},"excerpt":{"rendered":"<p>Conjunto para Pizza em Bambu\/A\u00e7o Inox. Acompanha t\u00e1bua e esp\u00e1tula em Bambu; quatro facas de mesa, quatro garfos de mesa e cortador de Pizza em Bambu\/Inox. Grava\u00e7\u00e3o a Laser na t\u00e1bua.<\/p>\n","protected":false},"featured_media":4035,"template":"","meta":[],"product_brand":[],"product_cat":[49],"product_tag":[],"class_list":{"0":"post-4031","1":"product","2":"type-product","3":"status-publish","4":"has-post-thumbnail","6":"product_cat-bar-queijo-vinhos","8":"first","9":"instock","10":"shipping-taxable","11":"product-type-simple"},"_links":{"self":[{"href":"https:\/\/promoalge.com.br\/index.php?rest_route=\/wp\/v2\/product\/4031","targetHints":{"allow":["GET"]}}],"collection":[{"href":"https:\/\/promoalge.com.br\/index.php?rest_route=\/wp\/v2\/product"}],"about":[{"href":"https:\/\/promoalge.com.br\/index.php?rest_route=\/wp\/v2\/types\/product"}],"wp:featuredmedia":[{"embeddable":true,"href":"https:\/\/promoalge.com.br\/index.php?rest_route=\/wp\/v2\/media\/4035"}],"wp:attachment":[{"href":"https:\/\/promoalge.com.br\/index.php?rest_route=%2Fwp%2Fv2%2Fmedia&parent=4031"}],"wp:term":[{"taxonomy":"product_brand","embeddable":true,"href":"https:\/\/promoalge.com.br\/index.php?rest_route=%2Fwp%2Fv2%2Fproduct_brand&post=4031"},{"taxonomy":"product_cat","embeddable":true,"href":"https:\/\/promoalge.com.br\/index.php?rest_route=%2Fwp%2Fv2%2Fproduct_cat&post=4031"},{"taxonomy":"product_tag","embeddable":true,"href":"https:\/\/promoalge.com.br\/index.php?rest_route=%2Fwp%2Fv2%2Fproduct_tag&post=4031"}],"curies":[{"name":"wp","href":"https:\/\/api.w.org\/{rel}","templated":true}]}}