{"id":4039,"date":"2019-08-15T15:17:57","date_gmt":"2019-08-15T18:17:57","guid":{"rendered":"http:\/\/promoalge.com.br\/?post_type=product&#038;p=4039"},"modified":"2019-08-15T15:19:17","modified_gmt":"2019-08-15T18:19:17","slug":"kit-queijo-kt90100","status":"publish","type":"product","link":"https:\/\/promoalge.com.br\/?product=kit-queijo-kt90100","title":{"rendered":"Kit Queijo &#8211; KT90100"},"content":{"rendered":"","protected":false},"excerpt":{"rendered":"<p>Kit para queijos com t\u00e1bua com al\u00e7a para queijo\/petisco; duas facas, sendo, uma com ponta e outra reta, garfo e esp\u00e1tula em bambu\/Inox; itens acomodados em uma caixa com ber\u00e7o. Grava\u00e7\u00e3o a laser na t\u00e1bua, l\u00e2mina das facas e caixa serigrafia em 1 cor.<\/p>\n","protected":false},"featured_media":4041,"template":"","meta":[],"product_brand":[],"product_cat":[49],"product_tag":[],"class_list":{"0":"post-4039","1":"product","2":"type-product","3":"status-publish","4":"has-post-thumbnail","6":"product_cat-bar-queijo-vinhos","8":"first","9":"instock","10":"shipping-taxable","11":"product-type-simple"},"_links":{"self":[{"href":"https:\/\/promoalge.com.br\/index.php?rest_route=\/wp\/v2\/product\/4039","targetHints":{"allow":["GET"]}}],"collection":[{"href":"https:\/\/promoalge.com.br\/index.php?rest_route=\/wp\/v2\/product"}],"about":[{"href":"https:\/\/promoalge.com.br\/index.php?rest_route=\/wp\/v2\/types\/product"}],"wp:featuredmedia":[{"embeddable":true,"href":"https:\/\/promoalge.com.br\/index.php?rest_route=\/wp\/v2\/media\/4041"}],"wp:attachment":[{"href":"https:\/\/promoalge.com.br\/index.php?rest_route=%2Fwp%2Fv2%2Fmedia&parent=4039"}],"wp:term":[{"taxonomy":"product_brand","embeddable":true,"href":"https:\/\/promoalge.com.br\/index.php?rest_route=%2Fwp%2Fv2%2Fproduct_brand&post=4039"},{"taxonomy":"product_cat","embeddable":true,"href":"https:\/\/promoalge.com.br\/index.php?rest_route=%2Fwp%2Fv2%2Fproduct_cat&post=4039"},{"taxonomy":"product_tag","embeddable":true,"href":"https:\/\/promoalge.com.br\/index.php?rest_route=%2Fwp%2Fv2%2Fproduct_tag&post=4039"}],"curies":[{"name":"wp","href":"https:\/\/api.w.org\/{rel}","templated":true}]}}