{"id":4042,"date":"2019-08-15T15:35:52","date_gmt":"2019-08-15T18:35:52","guid":{"rendered":"http:\/\/promoalge.com.br\/?post_type=product&#038;p=4042"},"modified":"2019-08-15T15:35:53","modified_gmt":"2019-08-15T18:35:53","slug":"kit-churrasco-gourmet-kt90070","status":"publish","type":"product","link":"https:\/\/promoalge.com.br\/?product=kit-churrasco-gourmet-kt90070","title":{"rendered":"Kit Churrasco Gourmet &#8211; KT90070"},"content":{"rendered":"","protected":false},"excerpt":{"rendered":"<p>Kit Churrasco e Tempero composto por uma t\u00e1bua e colher 30cm em bambu; uma faca 7\u201d em A\u00e7o Inox\/Bambu; 3 potinhos de Vidro com tampa. Grava\u00e7\u00e3o a Laser na t\u00e1bua, na l\u00e2mina da faca e na tampa da caixa.<\/p>\n","protected":false},"featured_media":4043,"template":"","meta":[],"product_brand":[],"product_cat":[412],"product_tag":[],"class_list":{"0":"post-4042","1":"product","2":"type-product","3":"status-publish","4":"has-post-thumbnail","6":"product_cat-kits-churrasco","8":"first","9":"instock","10":"shipping-taxable","11":"product-type-simple"},"_links":{"self":[{"href":"https:\/\/promoalge.com.br\/index.php?rest_route=\/wp\/v2\/product\/4042","targetHints":{"allow":["GET"]}}],"collection":[{"href":"https:\/\/promoalge.com.br\/index.php?rest_route=\/wp\/v2\/product"}],"about":[{"href":"https:\/\/promoalge.com.br\/index.php?rest_route=\/wp\/v2\/types\/product"}],"wp:featuredmedia":[{"embeddable":true,"href":"https:\/\/promoalge.com.br\/index.php?rest_route=\/wp\/v2\/media\/4043"}],"wp:attachment":[{"href":"https:\/\/promoalge.com.br\/index.php?rest_route=%2Fwp%2Fv2%2Fmedia&parent=4042"}],"wp:term":[{"taxonomy":"product_brand","embeddable":true,"href":"https:\/\/promoalge.com.br\/index.php?rest_route=%2Fwp%2Fv2%2Fproduct_brand&post=4042"},{"taxonomy":"product_cat","embeddable":true,"href":"https:\/\/promoalge.com.br\/index.php?rest_route=%2Fwp%2Fv2%2Fproduct_cat&post=4042"},{"taxonomy":"product_tag","embeddable":true,"href":"https:\/\/promoalge.com.br\/index.php?rest_route=%2Fwp%2Fv2%2Fproduct_tag&post=4042"}],"curies":[{"name":"wp","href":"https:\/\/api.w.org\/{rel}","templated":true}]}}