{"id":405,"date":"2018-06-14T17:15:08","date_gmt":"2018-06-14T20:15:08","guid":{"rendered":"http:\/\/promoalge.com.br\/?product=import-placeholder-for-4093"},"modified":"2018-06-14T17:20:38","modified_gmt":"2018-06-14T20:20:38","slug":"copo-termico-500-ml-ctpimp","status":"publish","type":"product","link":"https:\/\/promoalge.com.br\/?product=copo-termico-500-ml-ctpimp","title":{"rendered":"Copo T\u00e9rmico 500 Ml &#8211; CTPIMP"},"content":{"rendered":"<p>Copo pl\u00e1stico de alta qualidade, corpo em PS Cristal e tampa em PP, at\u00f3xicos, capacidade 500 ml. Parede dupla que conserva mais a temperatura dos l\u00edquidos. Tampa remov\u00edvel com disco girat\u00f3rio sistema abre\/fecha. Personaliza\u00e7\u00e3o interna por arte Cromia 360 \u00ba.<\/p>\n","protected":false},"excerpt":{"rendered":"<p>Copo pl\u00e1stico de alta qualidade, corpo em PS Cristal e tampa em PP, at\u00f3xicos, capacidade 500 ml. Parede dupla que conserva mais a temperatura dos l\u00edquidos. Tampa remov\u00edvel com disco girat\u00f3rio sistema abre\/fecha. Personaliza\u00e7\u00e3o interna por arte Cromia 360 \u00ba.<\/p>\n","protected":false},"featured_media":516,"template":"","meta":[],"product_brand":[],"product_cat":[251,353],"product_tag":[],"class_list":{"0":"post-405","1":"product","2":"type-product","3":"status-publish","4":"has-post-thumbnail","6":"product_cat-plastica-canecas-copos-garrafas","7":"product_cat-diversos","9":"first","10":"instock","11":"shipping-taxable","12":"product-type-simple"},"_links":{"self":[{"href":"https:\/\/promoalge.com.br\/index.php?rest_route=\/wp\/v2\/product\/405","targetHints":{"allow":["GET"]}}],"collection":[{"href":"https:\/\/promoalge.com.br\/index.php?rest_route=\/wp\/v2\/product"}],"about":[{"href":"https:\/\/promoalge.com.br\/index.php?rest_route=\/wp\/v2\/types\/product"}],"wp:featuredmedia":[{"embeddable":true,"href":"https:\/\/promoalge.com.br\/index.php?rest_route=\/wp\/v2\/media\/516"}],"wp:attachment":[{"href":"https:\/\/promoalge.com.br\/index.php?rest_route=%2Fwp%2Fv2%2Fmedia&parent=405"}],"wp:term":[{"taxonomy":"product_brand","embeddable":true,"href":"https:\/\/promoalge.com.br\/index.php?rest_route=%2Fwp%2Fv2%2Fproduct_brand&post=405"},{"taxonomy":"product_cat","embeddable":true,"href":"https:\/\/promoalge.com.br\/index.php?rest_route=%2Fwp%2Fv2%2Fproduct_cat&post=405"},{"taxonomy":"product_tag","embeddable":true,"href":"https:\/\/promoalge.com.br\/index.php?rest_route=%2Fwp%2Fv2%2Fproduct_tag&post=405"}],"curies":[{"name":"wp","href":"https:\/\/api.w.org\/{rel}","templated":true}]}}