{"id":4052,"date":"2019-08-20T14:35:13","date_gmt":"2019-08-20T17:35:13","guid":{"rendered":"http:\/\/promoalge.com.br\/?post_type=product&#038;p=4052"},"modified":"2019-08-20T14:35:14","modified_gmt":"2019-08-20T17:35:14","slug":"sacola-termica-pr98417","status":"publish","type":"product","link":"https:\/\/promoalge.com.br\/?product=sacola-termica-pr98417","title":{"rendered":"Sacola T\u00e9rmica &#8211; PR98417"},"content":{"rendered":"","protected":false},"excerpt":{"rendered":"<p>Sacola t\u00e9rmica em poli\u00e9ster 600D capacidade 9 litros, fecha com z\u00edper, possui compartimento exterior aberto (forrado) com bolso frontal. Al\u00e7as em webbing de 55 cm, medidas 470 x 305 x 120 mm. Grava\u00e7\u00e3o serigrafia em 1 cor.<\/p>\n","protected":false},"featured_media":4053,"template":"","meta":[],"product_brand":[],"product_cat":[79,414],"product_tag":[],"class_list":{"0":"post-4052","1":"product","2":"type-product","3":"status-publish","4":"has-post-thumbnail","6":"product_cat-bolsas-mochilas","7":"product_cat-praia-verao","9":"first","10":"instock","11":"shipping-taxable","12":"product-type-simple"},"_links":{"self":[{"href":"https:\/\/promoalge.com.br\/index.php?rest_route=\/wp\/v2\/product\/4052","targetHints":{"allow":["GET"]}}],"collection":[{"href":"https:\/\/promoalge.com.br\/index.php?rest_route=\/wp\/v2\/product"}],"about":[{"href":"https:\/\/promoalge.com.br\/index.php?rest_route=\/wp\/v2\/types\/product"}],"wp:featuredmedia":[{"embeddable":true,"href":"https:\/\/promoalge.com.br\/index.php?rest_route=\/wp\/v2\/media\/4053"}],"wp:attachment":[{"href":"https:\/\/promoalge.com.br\/index.php?rest_route=%2Fwp%2Fv2%2Fmedia&parent=4052"}],"wp:term":[{"taxonomy":"product_brand","embeddable":true,"href":"https:\/\/promoalge.com.br\/index.php?rest_route=%2Fwp%2Fv2%2Fproduct_brand&post=4052"},{"taxonomy":"product_cat","embeddable":true,"href":"https:\/\/promoalge.com.br\/index.php?rest_route=%2Fwp%2Fv2%2Fproduct_cat&post=4052"},{"taxonomy":"product_tag","embeddable":true,"href":"https:\/\/promoalge.com.br\/index.php?rest_route=%2Fwp%2Fv2%2Fproduct_tag&post=4052"}],"curies":[{"name":"wp","href":"https:\/\/api.w.org\/{rel}","templated":true}]}}