{"id":4066,"date":"2019-09-03T10:27:59","date_gmt":"2019-09-03T13:27:59","guid":{"rendered":"http:\/\/promoalge.com.br\/?post_type=product&#038;p=4066"},"modified":"2019-09-03T10:28:00","modified_gmt":"2019-09-03T13:28:00","slug":"caneta-metalica-pr81156","status":"publish","type":"product","link":"https:\/\/promoalge.com.br\/?product=caneta-metalica-pr81156","title":{"rendered":"Caneta Met\u00e1lica &#8211; PR81156"},"content":{"rendered":"","protected":false},"excerpt":{"rendered":"<p>Caneta Esferogr\u00e1fica com corpo met\u00e1lico, possui 2 km de escrita, medidas \u00f810 x 140 mm. Grava\u00e7\u00e3o a laser.<\/p>\n","protected":false},"featured_media":4067,"template":"","meta":[],"product_brand":[],"product_cat":[346],"product_tag":[],"class_list":{"0":"post-4066","1":"product","2":"type-product","3":"status-publish","4":"has-post-thumbnail","6":"product_cat-canetas-metalicas","8":"first","9":"instock","10":"shipping-taxable","11":"product-type-simple"},"_links":{"self":[{"href":"https:\/\/promoalge.com.br\/index.php?rest_route=\/wp\/v2\/product\/4066","targetHints":{"allow":["GET"]}}],"collection":[{"href":"https:\/\/promoalge.com.br\/index.php?rest_route=\/wp\/v2\/product"}],"about":[{"href":"https:\/\/promoalge.com.br\/index.php?rest_route=\/wp\/v2\/types\/product"}],"wp:featuredmedia":[{"embeddable":true,"href":"https:\/\/promoalge.com.br\/index.php?rest_route=\/wp\/v2\/media\/4067"}],"wp:attachment":[{"href":"https:\/\/promoalge.com.br\/index.php?rest_route=%2Fwp%2Fv2%2Fmedia&parent=4066"}],"wp:term":[{"taxonomy":"product_brand","embeddable":true,"href":"https:\/\/promoalge.com.br\/index.php?rest_route=%2Fwp%2Fv2%2Fproduct_brand&post=4066"},{"taxonomy":"product_cat","embeddable":true,"href":"https:\/\/promoalge.com.br\/index.php?rest_route=%2Fwp%2Fv2%2Fproduct_cat&post=4066"},{"taxonomy":"product_tag","embeddable":true,"href":"https:\/\/promoalge.com.br\/index.php?rest_route=%2Fwp%2Fv2%2Fproduct_tag&post=4066"}],"curies":[{"name":"wp","href":"https:\/\/api.w.org\/{rel}","templated":true}]}}