{"id":4090,"date":"2019-09-03T11:08:10","date_gmt":"2019-09-03T14:08:10","guid":{"rendered":"http:\/\/promoalge.com.br\/?post_type=product&#038;p=4090"},"modified":"2019-09-03T11:08:11","modified_gmt":"2019-09-03T14:08:11","slug":"kit-caneta-lapiseira-de-bambu-pr81162","status":"publish","type":"product","link":"https:\/\/promoalge.com.br\/?product=kit-caneta-lapiseira-de-bambu-pr81162","title":{"rendered":"Kit Caneta &#038; Lapiseira de Bambu &#8211; PR81162"},"content":{"rendered":"","protected":false},"excerpt":{"rendered":"<p>Kit caneta esferogr\u00e1fica e lapiseira em bambu, caneta 1,5 km de escrita e lapiseira: grafite 0.7. Incluso estojo em papel kraft com ber\u00e7o para os itens, medidas do estojo 171 x 53 x 23 mm. Grava\u00e7\u00e3o a laser na caneta e lapiseira.<\/p>\n","protected":false},"featured_media":4091,"template":"","meta":[],"product_brand":[],"product_cat":[407,321],"product_tag":[],"class_list":{"0":"post-4090","1":"product","2":"type-product","3":"status-publish","4":"has-post-thumbnail","6":"product_cat-conjuntos","7":"product_cat-linha-ecologica","9":"first","10":"instock","11":"shipping-taxable","12":"product-type-simple"},"_links":{"self":[{"href":"https:\/\/promoalge.com.br\/index.php?rest_route=\/wp\/v2\/product\/4090","targetHints":{"allow":["GET"]}}],"collection":[{"href":"https:\/\/promoalge.com.br\/index.php?rest_route=\/wp\/v2\/product"}],"about":[{"href":"https:\/\/promoalge.com.br\/index.php?rest_route=\/wp\/v2\/types\/product"}],"wp:featuredmedia":[{"embeddable":true,"href":"https:\/\/promoalge.com.br\/index.php?rest_route=\/wp\/v2\/media\/4091"}],"wp:attachment":[{"href":"https:\/\/promoalge.com.br\/index.php?rest_route=%2Fwp%2Fv2%2Fmedia&parent=4090"}],"wp:term":[{"taxonomy":"product_brand","embeddable":true,"href":"https:\/\/promoalge.com.br\/index.php?rest_route=%2Fwp%2Fv2%2Fproduct_brand&post=4090"},{"taxonomy":"product_cat","embeddable":true,"href":"https:\/\/promoalge.com.br\/index.php?rest_route=%2Fwp%2Fv2%2Fproduct_cat&post=4090"},{"taxonomy":"product_tag","embeddable":true,"href":"https:\/\/promoalge.com.br\/index.php?rest_route=%2Fwp%2Fv2%2Fproduct_tag&post=4090"}],"curies":[{"name":"wp","href":"https:\/\/api.w.org\/{rel}","templated":true}]}}