{"id":4168,"date":"2019-09-10T14:22:26","date_gmt":"2019-09-10T17:22:26","guid":{"rendered":"http:\/\/promoalge.com.br\/?post_type=product&#038;p=4168"},"modified":"2019-09-10T14:23:06","modified_gmt":"2019-09-10T17:23:06","slug":"kit-ecologico-caneta-e-lapiseira-bambu-pr3796","status":"publish","type":"product","link":"https:\/\/promoalge.com.br\/?product=kit-ecologico-caneta-e-lapiseira-bambu-pr3796","title":{"rendered":"Kit Ecol\u00f3gico Caneta Touch e Lapiseira Bambu &#8211; PR3796"},"content":{"rendered":"","protected":false},"excerpt":{"rendered":"<p>Kit ecol\u00f3gico caneta e lapiseira em bambu com estojo de papel\u00e3o. Caneta bambu com clip met\u00e1lico e possui borracha touch na parte inferior, quando aciona a esferogr\u00e1fica(clique) ela sai atrav\u00e9s do touch. Lapiseira bambu com clip met\u00e1lico, aciona por clique. Grava\u00e7\u00e3o a laser na caneta e lapiseira.<\/p>\n","protected":false},"featured_media":4171,"template":"","meta":[],"product_brand":[],"product_cat":[407,321],"product_tag":[],"class_list":{"0":"post-4168","1":"product","2":"type-product","3":"status-publish","4":"has-post-thumbnail","6":"product_cat-conjuntos","7":"product_cat-linha-ecologica","9":"first","10":"instock","11":"shipping-taxable","12":"product-type-simple"},"_links":{"self":[{"href":"https:\/\/promoalge.com.br\/index.php?rest_route=\/wp\/v2\/product\/4168","targetHints":{"allow":["GET"]}}],"collection":[{"href":"https:\/\/promoalge.com.br\/index.php?rest_route=\/wp\/v2\/product"}],"about":[{"href":"https:\/\/promoalge.com.br\/index.php?rest_route=\/wp\/v2\/types\/product"}],"wp:featuredmedia":[{"embeddable":true,"href":"https:\/\/promoalge.com.br\/index.php?rest_route=\/wp\/v2\/media\/4171"}],"wp:attachment":[{"href":"https:\/\/promoalge.com.br\/index.php?rest_route=%2Fwp%2Fv2%2Fmedia&parent=4168"}],"wp:term":[{"taxonomy":"product_brand","embeddable":true,"href":"https:\/\/promoalge.com.br\/index.php?rest_route=%2Fwp%2Fv2%2Fproduct_brand&post=4168"},{"taxonomy":"product_cat","embeddable":true,"href":"https:\/\/promoalge.com.br\/index.php?rest_route=%2Fwp%2Fv2%2Fproduct_cat&post=4168"},{"taxonomy":"product_tag","embeddable":true,"href":"https:\/\/promoalge.com.br\/index.php?rest_route=%2Fwp%2Fv2%2Fproduct_tag&post=4168"}],"curies":[{"name":"wp","href":"https:\/\/api.w.org\/{rel}","templated":true}]}}