{"id":4180,"date":"2019-09-10T15:47:06","date_gmt":"2019-09-10T18:47:06","guid":{"rendered":"http:\/\/promoalge.com.br\/?post_type=product&#038;p=4180"},"modified":"2019-09-10T15:47:07","modified_gmt":"2019-09-10T18:47:07","slug":"bloco-de-anotacoes-com-caneta-pr93427","status":"publish","type":"product","link":"https:\/\/promoalge.com.br\/?product=bloco-de-anotacoes-com-caneta-pr93427","title":{"rendered":"Bloco de Anota\u00e7\u00f5es com Caneta &#8211; PR93427"},"content":{"rendered":"","protected":false},"excerpt":{"rendered":"<p>Bloco \/ caderno de anota\u00e7\u00f5es com capa dura, possui 60 folhas n\u00e3o pautadas de papel reciclado, incluso caneta esferogr\u00e1fica, medidas 105 x 145 mm. Grava\u00e7\u00e3o serigrafia em 1 cor na caneta e capa do bloco.<\/p>\n","protected":false},"featured_media":4181,"template":"","meta":[],"product_brand":[],"product_cat":[409,321],"product_tag":[],"class_list":{"0":"post-4180","1":"product","2":"type-product","3":"status-publish","4":"has-post-thumbnail","6":"product_cat-escritorio","7":"product_cat-linha-ecologica","9":"first","10":"instock","11":"shipping-taxable","12":"product-type-simple"},"_links":{"self":[{"href":"https:\/\/promoalge.com.br\/index.php?rest_route=\/wp\/v2\/product\/4180","targetHints":{"allow":["GET"]}}],"collection":[{"href":"https:\/\/promoalge.com.br\/index.php?rest_route=\/wp\/v2\/product"}],"about":[{"href":"https:\/\/promoalge.com.br\/index.php?rest_route=\/wp\/v2\/types\/product"}],"wp:featuredmedia":[{"embeddable":true,"href":"https:\/\/promoalge.com.br\/index.php?rest_route=\/wp\/v2\/media\/4181"}],"wp:attachment":[{"href":"https:\/\/promoalge.com.br\/index.php?rest_route=%2Fwp%2Fv2%2Fmedia&parent=4180"}],"wp:term":[{"taxonomy":"product_brand","embeddable":true,"href":"https:\/\/promoalge.com.br\/index.php?rest_route=%2Fwp%2Fv2%2Fproduct_brand&post=4180"},{"taxonomy":"product_cat","embeddable":true,"href":"https:\/\/promoalge.com.br\/index.php?rest_route=%2Fwp%2Fv2%2Fproduct_cat&post=4180"},{"taxonomy":"product_tag","embeddable":true,"href":"https:\/\/promoalge.com.br\/index.php?rest_route=%2Fwp%2Fv2%2Fproduct_tag&post=4180"}],"curies":[{"name":"wp","href":"https:\/\/api.w.org\/{rel}","templated":true}]}}