{"id":4185,"date":"2019-09-10T16:34:27","date_gmt":"2019-09-10T19:34:27","guid":{"rendered":"http:\/\/promoalge.com.br\/?post_type=product&#038;p=4185"},"modified":"2019-09-10T16:34:27","modified_gmt":"2019-09-10T19:34:27","slug":"canivete-7-funcoes-pr1263","status":"publish","type":"product","link":"https:\/\/promoalge.com.br\/?product=canivete-7-funcoes-pr1263","title":{"rendered":"Canivete 7 Fun\u00e7\u00f5es &#8211; PR1263"},"content":{"rendered":"","protected":false},"excerpt":{"rendered":"<p>Canivete metal 7 fun\u00e7\u00f5es com detalhes emborrachados preto(tr\u00eas linhas frente e verso). Possui: l\u00e2mina de corte, mini tesoura, abridor de lata, abridor de garrafa, chave phillips, lixa e saca rolhas, acompanha bolsa protetora de nylon, medidas 9,2 cm x 2,5 cm. Grava\u00e7\u00e3o a laser.<\/p>\n","protected":false},"featured_media":4189,"template":"","meta":[],"product_brand":[],"product_cat":[411],"product_tag":[],"class_list":{"0":"post-4185","1":"product","2":"type-product","3":"status-publish","4":"has-post-thumbnail","6":"product_cat-ferramentas","8":"first","9":"instock","10":"shipping-taxable","11":"product-type-simple"},"_links":{"self":[{"href":"https:\/\/promoalge.com.br\/index.php?rest_route=\/wp\/v2\/product\/4185","targetHints":{"allow":["GET"]}}],"collection":[{"href":"https:\/\/promoalge.com.br\/index.php?rest_route=\/wp\/v2\/product"}],"about":[{"href":"https:\/\/promoalge.com.br\/index.php?rest_route=\/wp\/v2\/types\/product"}],"wp:featuredmedia":[{"embeddable":true,"href":"https:\/\/promoalge.com.br\/index.php?rest_route=\/wp\/v2\/media\/4189"}],"wp:attachment":[{"href":"https:\/\/promoalge.com.br\/index.php?rest_route=%2Fwp%2Fv2%2Fmedia&parent=4185"}],"wp:term":[{"taxonomy":"product_brand","embeddable":true,"href":"https:\/\/promoalge.com.br\/index.php?rest_route=%2Fwp%2Fv2%2Fproduct_brand&post=4185"},{"taxonomy":"product_cat","embeddable":true,"href":"https:\/\/promoalge.com.br\/index.php?rest_route=%2Fwp%2Fv2%2Fproduct_cat&post=4185"},{"taxonomy":"product_tag","embeddable":true,"href":"https:\/\/promoalge.com.br\/index.php?rest_route=%2Fwp%2Fv2%2Fproduct_tag&post=4185"}],"curies":[{"name":"wp","href":"https:\/\/api.w.org\/{rel}","templated":true}]}}