{"id":4190,"date":"2019-09-10T16:50:41","date_gmt":"2019-09-10T19:50:41","guid":{"rendered":"http:\/\/promoalge.com.br\/?post_type=product&#038;p=4190"},"modified":"2019-09-10T16:50:41","modified_gmt":"2019-09-10T19:50:41","slug":"canivete-11-funcoes-pr9454","status":"publish","type":"product","link":"https:\/\/promoalge.com.br\/?product=canivete-11-funcoes-pr9454","title":{"rendered":"Canivete 11 Fun\u00e7\u00f5es &#8211; PR9454"},"content":{"rendered":"","protected":false},"excerpt":{"rendered":"<p>Canivete metal 11 fun\u00e7\u00f5es com detalhes emborrachados preto(tr\u00eas linhas frente e verso). Possui: l\u00e2mina de corte, serrilha, serra madeira, mini tesoura, abridor de latas, abridor de garrafa, chave phillips, lamina de remo\u00e7\u00e3o e limpeza, lixa, agulha de sutura e saca rolhas. Incluso Embalagem, capa de Nylon. Grava\u00e7\u00e3o a laser no canivete.<\/p>\n","protected":false},"featured_media":4192,"template":"","meta":[],"product_brand":[],"product_cat":[411],"product_tag":[],"class_list":{"0":"post-4190","1":"product","2":"type-product","3":"status-publish","4":"has-post-thumbnail","6":"product_cat-ferramentas","8":"first","9":"instock","10":"shipping-taxable","11":"product-type-simple"},"_links":{"self":[{"href":"https:\/\/promoalge.com.br\/index.php?rest_route=\/wp\/v2\/product\/4190","targetHints":{"allow":["GET"]}}],"collection":[{"href":"https:\/\/promoalge.com.br\/index.php?rest_route=\/wp\/v2\/product"}],"about":[{"href":"https:\/\/promoalge.com.br\/index.php?rest_route=\/wp\/v2\/types\/product"}],"wp:featuredmedia":[{"embeddable":true,"href":"https:\/\/promoalge.com.br\/index.php?rest_route=\/wp\/v2\/media\/4192"}],"wp:attachment":[{"href":"https:\/\/promoalge.com.br\/index.php?rest_route=%2Fwp%2Fv2%2Fmedia&parent=4190"}],"wp:term":[{"taxonomy":"product_brand","embeddable":true,"href":"https:\/\/promoalge.com.br\/index.php?rest_route=%2Fwp%2Fv2%2Fproduct_brand&post=4190"},{"taxonomy":"product_cat","embeddable":true,"href":"https:\/\/promoalge.com.br\/index.php?rest_route=%2Fwp%2Fv2%2Fproduct_cat&post=4190"},{"taxonomy":"product_tag","embeddable":true,"href":"https:\/\/promoalge.com.br\/index.php?rest_route=%2Fwp%2Fv2%2Fproduct_tag&post=4190"}],"curies":[{"name":"wp","href":"https:\/\/api.w.org\/{rel}","templated":true}]}}