{"id":4199,"date":"2019-09-11T13:15:51","date_gmt":"2019-09-11T16:15:51","guid":{"rendered":"http:\/\/promoalge.com.br\/?post_type=product&#038;p=4199"},"modified":"2019-09-11T13:15:51","modified_gmt":"2019-09-11T16:15:51","slug":"chaveiro-abdidor-chvmq13","status":"publish","type":"product","link":"https:\/\/promoalge.com.br\/?product=chaveiro-abdidor-chvmq13","title":{"rendered":"Chaveiro Abdidor &#8211; CHVMQ13"},"content":{"rendered":"","protected":false},"excerpt":{"rendered":"<p>Chaveiro mosquet\u00e3o met\u00e1lico abridor de garrafa e long neck com argola. Personaliza\u00e7\u00e3o atrav\u00e9s de etiqueta resinada impress\u00e3o colorida.<\/p>\n","protected":false},"featured_media":4200,"template":"","meta":[],"product_brand":[],"product_cat":[406],"product_tag":[],"class_list":{"0":"post-4199","1":"product","2":"type-product","3":"status-publish","4":"has-post-thumbnail","6":"product_cat-chaveiros","8":"first","9":"instock","10":"shipping-taxable","11":"product-type-simple"},"_links":{"self":[{"href":"https:\/\/promoalge.com.br\/index.php?rest_route=\/wp\/v2\/product\/4199","targetHints":{"allow":["GET"]}}],"collection":[{"href":"https:\/\/promoalge.com.br\/index.php?rest_route=\/wp\/v2\/product"}],"about":[{"href":"https:\/\/promoalge.com.br\/index.php?rest_route=\/wp\/v2\/types\/product"}],"wp:featuredmedia":[{"embeddable":true,"href":"https:\/\/promoalge.com.br\/index.php?rest_route=\/wp\/v2\/media\/4200"}],"wp:attachment":[{"href":"https:\/\/promoalge.com.br\/index.php?rest_route=%2Fwp%2Fv2%2Fmedia&parent=4199"}],"wp:term":[{"taxonomy":"product_brand","embeddable":true,"href":"https:\/\/promoalge.com.br\/index.php?rest_route=%2Fwp%2Fv2%2Fproduct_brand&post=4199"},{"taxonomy":"product_cat","embeddable":true,"href":"https:\/\/promoalge.com.br\/index.php?rest_route=%2Fwp%2Fv2%2Fproduct_cat&post=4199"},{"taxonomy":"product_tag","embeddable":true,"href":"https:\/\/promoalge.com.br\/index.php?rest_route=%2Fwp%2Fv2%2Fproduct_tag&post=4199"}],"curies":[{"name":"wp","href":"https:\/\/api.w.org\/{rel}","templated":true}]}}