{"id":4217,"date":"2019-09-12T17:48:39","date_gmt":"2019-09-12T20:48:39","guid":{"rendered":"http:\/\/promoalge.com.br\/?post_type=product&#038;p=4217"},"modified":"2019-09-12T17:48:40","modified_gmt":"2019-09-12T20:48:40","slug":"tabua-de-bambu-pr13270","status":"publish","type":"product","link":"https:\/\/promoalge.com.br\/?product=tabua-de-bambu-pr13270","title":{"rendered":"T\u00e1bua de Bambu &#8211; PR13270"},"content":{"rendered":"","protected":false},"excerpt":{"rendered":"<p>T\u00e1bua grande de bambu para corte com canaleta e pegador, medidas  (CxL):  32,9 cm x 21,9 cm x 1,1 cm. Grava\u00e7\u00e3o a laser.<\/p>\n","protected":false},"featured_media":4219,"template":"","meta":[],"product_brand":[],"product_cat":[412],"product_tag":[],"class_list":{"0":"post-4217","1":"product","2":"type-product","3":"status-publish","4":"has-post-thumbnail","6":"product_cat-kits-churrasco","8":"first","9":"instock","10":"shipping-taxable","11":"product-type-simple"},"_links":{"self":[{"href":"https:\/\/promoalge.com.br\/index.php?rest_route=\/wp\/v2\/product\/4217","targetHints":{"allow":["GET"]}}],"collection":[{"href":"https:\/\/promoalge.com.br\/index.php?rest_route=\/wp\/v2\/product"}],"about":[{"href":"https:\/\/promoalge.com.br\/index.php?rest_route=\/wp\/v2\/types\/product"}],"wp:featuredmedia":[{"embeddable":true,"href":"https:\/\/promoalge.com.br\/index.php?rest_route=\/wp\/v2\/media\/4219"}],"wp:attachment":[{"href":"https:\/\/promoalge.com.br\/index.php?rest_route=%2Fwp%2Fv2%2Fmedia&parent=4217"}],"wp:term":[{"taxonomy":"product_brand","embeddable":true,"href":"https:\/\/promoalge.com.br\/index.php?rest_route=%2Fwp%2Fv2%2Fproduct_brand&post=4217"},{"taxonomy":"product_cat","embeddable":true,"href":"https:\/\/promoalge.com.br\/index.php?rest_route=%2Fwp%2Fv2%2Fproduct_cat&post=4217"},{"taxonomy":"product_tag","embeddable":true,"href":"https:\/\/promoalge.com.br\/index.php?rest_route=%2Fwp%2Fv2%2Fproduct_tag&post=4217"}],"curies":[{"name":"wp","href":"https:\/\/api.w.org\/{rel}","templated":true}]}}