{"id":4256,"date":"2019-09-27T15:58:38","date_gmt":"2019-09-27T18:58:38","guid":{"rendered":"http:\/\/promoalge.com.br\/?post_type=product&#038;p=4256"},"modified":"2019-09-27T15:58:38","modified_gmt":"2019-09-27T18:58:38","slug":"conjunto-de-lapis-pr91737","status":"publish","type":"product","link":"https:\/\/promoalge.com.br\/?product=conjunto-de-lapis-pr91737","title":{"rendered":"Conjunto de L\u00e1pis &#8211; PR91737"},"content":{"rendered":"","protected":false},"excerpt":{"rendered":"<p>Conjunto de l\u00e1pis preto, incluso estojo em papel cart\u00e3o nas medidas 190 x 40 x 12 mm. Grava\u00e7\u00e3o serigrafia em 1 cor no l\u00e1pis.<\/p>\n","protected":false},"featured_media":4259,"template":"","meta":[],"product_brand":[],"product_cat":[353,407],"product_tag":[],"class_list":{"0":"post-4256","1":"product","2":"type-product","3":"status-publish","4":"has-post-thumbnail","6":"product_cat-diversos","7":"product_cat-conjuntos","9":"first","10":"instock","11":"shipping-taxable","12":"product-type-simple"},"_links":{"self":[{"href":"https:\/\/promoalge.com.br\/index.php?rest_route=\/wp\/v2\/product\/4256","targetHints":{"allow":["GET"]}}],"collection":[{"href":"https:\/\/promoalge.com.br\/index.php?rest_route=\/wp\/v2\/product"}],"about":[{"href":"https:\/\/promoalge.com.br\/index.php?rest_route=\/wp\/v2\/types\/product"}],"wp:featuredmedia":[{"embeddable":true,"href":"https:\/\/promoalge.com.br\/index.php?rest_route=\/wp\/v2\/media\/4259"}],"wp:attachment":[{"href":"https:\/\/promoalge.com.br\/index.php?rest_route=%2Fwp%2Fv2%2Fmedia&parent=4256"}],"wp:term":[{"taxonomy":"product_brand","embeddable":true,"href":"https:\/\/promoalge.com.br\/index.php?rest_route=%2Fwp%2Fv2%2Fproduct_brand&post=4256"},{"taxonomy":"product_cat","embeddable":true,"href":"https:\/\/promoalge.com.br\/index.php?rest_route=%2Fwp%2Fv2%2Fproduct_cat&post=4256"},{"taxonomy":"product_tag","embeddable":true,"href":"https:\/\/promoalge.com.br\/index.php?rest_route=%2Fwp%2Fv2%2Fproduct_tag&post=4256"}],"curies":[{"name":"wp","href":"https:\/\/api.w.org\/{rel}","templated":true}]}}