{"id":426,"date":"2018-06-14T17:15:57","date_gmt":"2018-06-14T20:15:57","guid":{"rendered":"http:\/\/promoalge.com.br\/?product=import-placeholder-for-4127"},"modified":"2018-06-14T17:21:56","modified_gmt":"2018-06-14T20:21:56","slug":"caneca-inox-410-ml-ic00411","status":"publish","type":"product","link":"https:\/\/promoalge.com.br\/?product=caneca-inox-410-ml-ic00411","title":{"rendered":"Caneca Inox 410 Ml &#8211; IC00411"},"content":{"rendered":"<p>Caneca em Inox t\u00e9rmica com tampa, capacidade 410 ml, confeccionada em Polipropileno e revestida em A\u00e7o Inox. Capacidade: 410 ml , Grava\u00e7\u00e3o a laser ou serigrafia.<\/p>\n","protected":false},"excerpt":{"rendered":"<p>Caneca em Inox t\u00e9rmica com tampa, capacidade 410 ml, confeccionada em Polipropileno e revestida em A\u00e7o Inox. Capacidade: 410 ml , Grava\u00e7\u00e3o a laser ou serigrafia.<\/p>\n","protected":false},"featured_media":543,"template":"","meta":[],"product_brand":[],"product_cat":[237],"product_tag":[],"class_list":{"0":"post-426","1":"product","2":"type-product","3":"status-publish","4":"has-post-thumbnail","6":"product_cat-metalicas","8":"first","9":"instock","10":"shipping-taxable","11":"product-type-simple"},"_links":{"self":[{"href":"https:\/\/promoalge.com.br\/index.php?rest_route=\/wp\/v2\/product\/426","targetHints":{"allow":["GET"]}}],"collection":[{"href":"https:\/\/promoalge.com.br\/index.php?rest_route=\/wp\/v2\/product"}],"about":[{"href":"https:\/\/promoalge.com.br\/index.php?rest_route=\/wp\/v2\/types\/product"}],"wp:featuredmedia":[{"embeddable":true,"href":"https:\/\/promoalge.com.br\/index.php?rest_route=\/wp\/v2\/media\/543"}],"wp:attachment":[{"href":"https:\/\/promoalge.com.br\/index.php?rest_route=%2Fwp%2Fv2%2Fmedia&parent=426"}],"wp:term":[{"taxonomy":"product_brand","embeddable":true,"href":"https:\/\/promoalge.com.br\/index.php?rest_route=%2Fwp%2Fv2%2Fproduct_brand&post=426"},{"taxonomy":"product_cat","embeddable":true,"href":"https:\/\/promoalge.com.br\/index.php?rest_route=%2Fwp%2Fv2%2Fproduct_cat&post=426"},{"taxonomy":"product_tag","embeddable":true,"href":"https:\/\/promoalge.com.br\/index.php?rest_route=%2Fwp%2Fv2%2Fproduct_tag&post=426"}],"curies":[{"name":"wp","href":"https:\/\/api.w.org\/{rel}","templated":true}]}}