{"id":43,"date":"2018-06-14T17:02:37","date_gmt":"2018-06-14T20:02:37","guid":{"rendered":"http:\/\/promoalge.com.br\/?product=import-placeholder-for-3544"},"modified":"2018-06-14T17:03:53","modified_gmt":"2018-06-14T20:03:53","slug":"caneca-400-ml-pr975","status":"publish","type":"product","link":"https:\/\/promoalge.com.br\/?product=caneca-400-ml-pr975","title":{"rendered":"Caneca 400 Ml &#8211; PR975"},"content":{"rendered":"<p>Caneca de 400 ml, em a\u00e7o inoxid\u00e1vel com acabamento externo em pl\u00e1stico transparente e base em a\u00e7o inoxid\u00e1vel polido.Tampa de pl\u00e1stico com fecho rotacional, fundo anti derrapante. Grava\u00e7\u00e3o serigrafia.<\/p>\n","protected":false},"excerpt":{"rendered":"<p>Caneca de 400 ml, em a\u00e7o inoxid\u00e1vel com acabamento externo em pl\u00e1stico transparente e base em a\u00e7o inoxid\u00e1vel polido.Tampa de pl\u00e1stico com fecho rotacional, fundo anti derrapante. Grava\u00e7\u00e3o serigrafia.<\/p>\n","protected":false},"featured_media":92,"template":"","meta":[],"product_brand":[],"product_cat":[237],"product_tag":[],"class_list":{"0":"post-43","1":"product","2":"type-product","3":"status-publish","4":"has-post-thumbnail","6":"product_cat-metalicas","8":"first","9":"instock","10":"shipping-taxable","11":"product-type-simple"},"_links":{"self":[{"href":"https:\/\/promoalge.com.br\/index.php?rest_route=\/wp\/v2\/product\/43","targetHints":{"allow":["GET"]}}],"collection":[{"href":"https:\/\/promoalge.com.br\/index.php?rest_route=\/wp\/v2\/product"}],"about":[{"href":"https:\/\/promoalge.com.br\/index.php?rest_route=\/wp\/v2\/types\/product"}],"wp:featuredmedia":[{"embeddable":true,"href":"https:\/\/promoalge.com.br\/index.php?rest_route=\/wp\/v2\/media\/92"}],"wp:attachment":[{"href":"https:\/\/promoalge.com.br\/index.php?rest_route=%2Fwp%2Fv2%2Fmedia&parent=43"}],"wp:term":[{"taxonomy":"product_brand","embeddable":true,"href":"https:\/\/promoalge.com.br\/index.php?rest_route=%2Fwp%2Fv2%2Fproduct_brand&post=43"},{"taxonomy":"product_cat","embeddable":true,"href":"https:\/\/promoalge.com.br\/index.php?rest_route=%2Fwp%2Fv2%2Fproduct_cat&post=43"},{"taxonomy":"product_tag","embeddable":true,"href":"https:\/\/promoalge.com.br\/index.php?rest_route=%2Fwp%2Fv2%2Fproduct_tag&post=43"}],"curies":[{"name":"wp","href":"https:\/\/api.w.org\/{rel}","templated":true}]}}