{"id":4303,"date":"2019-10-18T15:48:19","date_gmt":"2019-10-18T18:48:19","guid":{"rendered":"http:\/\/promoalge.com.br\/?post_type=product&#038;p=4303"},"modified":"2019-10-18T15:48:19","modified_gmt":"2019-10-18T18:48:19","slug":"chaveiro-lampada-pr12208","status":"publish","type":"product","link":"https:\/\/promoalge.com.br\/?product=chaveiro-lampada-pr12208","title":{"rendered":"Chaveiro Lampada &#8211; PR12208"},"content":{"rendered":"","protected":false},"excerpt":{"rendered":"<p>Chaveiro l\u00e2mpada em pl\u00e1stico resistente e detalhes prata metal. Possui um anel lacre no bot\u00e3o(parte superior prata), para acende-la basta apertar e que ir\u00e1 ligar\/desligar. Acompanha 3 baterias L736, para troc\u00e1-las basta desrosquear a parte prata e puxar o pino azul interno do suporte.<\/p>\n","protected":false},"featured_media":4304,"template":"","meta":[],"product_brand":[],"product_cat":[406],"product_tag":[],"class_list":{"0":"post-4303","1":"product","2":"type-product","3":"status-publish","4":"has-post-thumbnail","6":"product_cat-chaveiros","8":"first","9":"instock","10":"shipping-taxable","11":"product-type-simple"},"_links":{"self":[{"href":"https:\/\/promoalge.com.br\/index.php?rest_route=\/wp\/v2\/product\/4303","targetHints":{"allow":["GET"]}}],"collection":[{"href":"https:\/\/promoalge.com.br\/index.php?rest_route=\/wp\/v2\/product"}],"about":[{"href":"https:\/\/promoalge.com.br\/index.php?rest_route=\/wp\/v2\/types\/product"}],"wp:featuredmedia":[{"embeddable":true,"href":"https:\/\/promoalge.com.br\/index.php?rest_route=\/wp\/v2\/media\/4304"}],"wp:attachment":[{"href":"https:\/\/promoalge.com.br\/index.php?rest_route=%2Fwp%2Fv2%2Fmedia&parent=4303"}],"wp:term":[{"taxonomy":"product_brand","embeddable":true,"href":"https:\/\/promoalge.com.br\/index.php?rest_route=%2Fwp%2Fv2%2Fproduct_brand&post=4303"},{"taxonomy":"product_cat","embeddable":true,"href":"https:\/\/promoalge.com.br\/index.php?rest_route=%2Fwp%2Fv2%2Fproduct_cat&post=4303"},{"taxonomy":"product_tag","embeddable":true,"href":"https:\/\/promoalge.com.br\/index.php?rest_route=%2Fwp%2Fv2%2Fproduct_tag&post=4303"}],"curies":[{"name":"wp","href":"https:\/\/api.w.org\/{rel}","templated":true}]}}