{"id":4327,"date":"2019-10-22T19:12:38","date_gmt":"2019-10-22T22:12:38","guid":{"rendered":"http:\/\/promoalge.com.br\/?post_type=product&#038;p=4327"},"modified":"2019-10-22T19:12:38","modified_gmt":"2019-10-22T22:12:38","slug":"porta-copos-abridor-de-garrafas-pr94116","status":"publish","type":"product","link":"https:\/\/promoalge.com.br\/?product=porta-copos-abridor-de-garrafas-pr94116","title":{"rendered":"Porta Copos &#038; Abridor de Garrafas &#8211; PR94116"},"content":{"rendered":"","protected":false},"excerpt":{"rendered":"<p>Porta copos produzido em pl\u00e1stico ABS com abridor de garrafas, possui esponja antiderrapante na base, medidas 82 x 82 x 4 mm. Grava\u00e7\u00e3o serigrafia em 1 cor.<\/p>\n","protected":false},"featured_media":4328,"template":"","meta":[],"product_brand":[],"product_cat":[353],"product_tag":[],"class_list":{"0":"post-4327","1":"product","2":"type-product","3":"status-publish","4":"has-post-thumbnail","6":"product_cat-diversos","8":"first","9":"instock","10":"shipping-taxable","11":"product-type-simple"},"_links":{"self":[{"href":"https:\/\/promoalge.com.br\/index.php?rest_route=\/wp\/v2\/product\/4327","targetHints":{"allow":["GET"]}}],"collection":[{"href":"https:\/\/promoalge.com.br\/index.php?rest_route=\/wp\/v2\/product"}],"about":[{"href":"https:\/\/promoalge.com.br\/index.php?rest_route=\/wp\/v2\/types\/product"}],"wp:featuredmedia":[{"embeddable":true,"href":"https:\/\/promoalge.com.br\/index.php?rest_route=\/wp\/v2\/media\/4328"}],"wp:attachment":[{"href":"https:\/\/promoalge.com.br\/index.php?rest_route=%2Fwp%2Fv2%2Fmedia&parent=4327"}],"wp:term":[{"taxonomy":"product_brand","embeddable":true,"href":"https:\/\/promoalge.com.br\/index.php?rest_route=%2Fwp%2Fv2%2Fproduct_brand&post=4327"},{"taxonomy":"product_cat","embeddable":true,"href":"https:\/\/promoalge.com.br\/index.php?rest_route=%2Fwp%2Fv2%2Fproduct_cat&post=4327"},{"taxonomy":"product_tag","embeddable":true,"href":"https:\/\/promoalge.com.br\/index.php?rest_route=%2Fwp%2Fv2%2Fproduct_tag&post=4327"}],"curies":[{"name":"wp","href":"https:\/\/api.w.org\/{rel}","templated":true}]}}