{"id":4332,"date":"2019-10-23T12:26:23","date_gmt":"2019-10-23T15:26:23","guid":{"rendered":"http:\/\/promoalge.com.br\/?post_type=product&#038;p=4332"},"modified":"2019-10-23T12:26:23","modified_gmt":"2019-10-23T15:26:23","slug":"caneta-plastica-touch-pr13499","status":"publish","type":"product","link":"https:\/\/promoalge.com.br\/?product=caneta-plastica-touch-pr13499","title":{"rendered":"Caneta Pl\u00e1stica Touch &#8211; PR13499"},"content":{"rendered":"","protected":false},"excerpt":{"rendered":"<p>Caneta pl\u00e1stica com touch e suporte para celular, possui corpo prata com detalhe colorido, clip pl\u00e1stico e borracha touch superior. Aciona por giro. Grava\u00e7\u00e3o serigrafia em 1 cor.<\/p>\n","protected":false},"featured_media":4333,"template":"","meta":[],"product_brand":[],"product_cat":[18],"product_tag":[],"class_list":{"0":"post-4332","1":"product","2":"type-product","3":"status-publish","4":"has-post-thumbnail","6":"product_cat-canetas-plastica","8":"first","9":"instock","10":"shipping-taxable","11":"product-type-simple"},"_links":{"self":[{"href":"https:\/\/promoalge.com.br\/index.php?rest_route=\/wp\/v2\/product\/4332","targetHints":{"allow":["GET"]}}],"collection":[{"href":"https:\/\/promoalge.com.br\/index.php?rest_route=\/wp\/v2\/product"}],"about":[{"href":"https:\/\/promoalge.com.br\/index.php?rest_route=\/wp\/v2\/types\/product"}],"wp:featuredmedia":[{"embeddable":true,"href":"https:\/\/promoalge.com.br\/index.php?rest_route=\/wp\/v2\/media\/4333"}],"wp:attachment":[{"href":"https:\/\/promoalge.com.br\/index.php?rest_route=%2Fwp%2Fv2%2Fmedia&parent=4332"}],"wp:term":[{"taxonomy":"product_brand","embeddable":true,"href":"https:\/\/promoalge.com.br\/index.php?rest_route=%2Fwp%2Fv2%2Fproduct_brand&post=4332"},{"taxonomy":"product_cat","embeddable":true,"href":"https:\/\/promoalge.com.br\/index.php?rest_route=%2Fwp%2Fv2%2Fproduct_cat&post=4332"},{"taxonomy":"product_tag","embeddable":true,"href":"https:\/\/promoalge.com.br\/index.php?rest_route=%2Fwp%2Fv2%2Fproduct_tag&post=4332"}],"curies":[{"name":"wp","href":"https:\/\/api.w.org\/{rel}","templated":true}]}}